{"id":17905,"date":"2022-01-14T22:04:54","date_gmt":"2022-01-14T22:04:54","guid":{"rendered":"https:\/\/ibiza-yacht.com\/ponte-en-contacto-con\/"},"modified":"2025-03-18T17:38:49","modified_gmt":"2025-03-18T17:38:49","slug":"ponte-en-contacto-con","status":"publish","type":"page","link":"https:\/\/ibiza-yacht.com\/es\/ponte-en-contacto-con\/","title":{"rendered":"Ponte en contacto con"},"content":{"rendered":"\t\t<div data-elementor-type=\"wp-page\" data-elementor-id=\"17905\" class=\"elementor elementor-17905 elementor-7\">\n\t\t\t\t\t\t<section class=\"elementor-section elementor-top-section elementor-element elementor-element-2542f69 elementor-section-height-min-height elementor-section-items-bottom elementor-section-content-bottom elementor-section-boxed elementor-section-height-default\" data-id=\"2542f69\" data-element_type=\"section\" data-settings=\"{&quot;background_background&quot;:&quot;classic&quot;}\">\n\t\t\t\t\t\t<div class=\"elementor-container elementor-column-gap-default\">\n\t\t\t\t\t<div class=\"elementor-column elementor-col-100 elementor-top-column elementor-element elementor-element-038bcbe\" data-id=\"038bcbe\" data-element_type=\"column\">\n\t\t\t<div class=\"elementor-widget-wrap elementor-element-populated\">\n\t\t\t\t\t\t<div class=\"elementor-element elementor-element-c076fbc elementor-widget elementor-widget-heading\" data-id=\"c076fbc\" data-element_type=\"widget\" data-widget_type=\"heading.default\">\n\t\t\t\t<div class=\"elementor-widget-container\">\n\t\t\t\t\t<h2 class=\"elementor-heading-title elementor-size-default\">Ponte en contacto con<\/h2>\t\t\t\t<\/div>\n\t\t\t\t<\/div>\n\t\t\t\t\t<\/div>\n\t\t<\/div>\n\t\t\t\t\t<\/div>\n\t\t<\/section>\n\t\t\t\t<section class=\"elementor-section elementor-top-section elementor-element elementor-element-1ed6991 elementor-section-boxed elementor-section-height-default elementor-section-height-default\" data-id=\"1ed6991\" data-element_type=\"section\">\n\t\t\t\t\t\t<div class=\"elementor-container elementor-column-gap-default\">\n\t\t\t\t\t<div class=\"elementor-column elementor-col-50 elementor-top-column elementor-element elementor-element-37a1a14\" data-id=\"37a1a14\" data-element_type=\"column\">\n\t\t\t<div class=\"elementor-widget-wrap elementor-element-populated\">\n\t\t\t\t\t\t<div class=\"elementor-element elementor-element-fb6d19a elementor-widget elementor-widget-image\" data-id=\"fb6d19a\" data-element_type=\"widget\" data-widget_type=\"image.default\">\n\t\t\t\t<div class=\"elementor-widget-container\">\n\t\t\t\t\t\t\t\t\t\t\t\t\t\t\t<img fetchpriority=\"high\" decoding=\"async\" width=\"750\" height=\"500\" src=\"https:\/\/ibiza-yacht.com\/wp-content\/uploads\/2024\/04\/Ibiza-by-the-beach-1024x683.jpg\" class=\"attachment-large size-large wp-image-17953\" alt=\"\" srcset=\"https:\/\/ibiza-yacht.com\/wp-content\/uploads\/2024\/04\/Ibiza-by-the-beach-1024x683.jpg 1024w, https:\/\/ibiza-yacht.com\/wp-content\/uploads\/2024\/04\/Ibiza-by-the-beach-300x200.jpg 300w, https:\/\/ibiza-yacht.com\/wp-content\/uploads\/2024\/04\/Ibiza-by-the-beach-768x512.jpg 768w, https:\/\/ibiza-yacht.com\/wp-content\/uploads\/2024\/04\/Ibiza-by-the-beach-1536x1024.jpg 1536w, https:\/\/ibiza-yacht.com\/wp-content\/uploads\/2024\/04\/Ibiza-by-the-beach-1568x1046.jpg 1568w, https:\/\/ibiza-yacht.com\/wp-content\/uploads\/2024\/04\/Ibiza-by-the-beach.jpg 1750w\" sizes=\"(max-width: 750px) 100vw, 750px\" style=\"width:100%;height:66.69%;max-width:1750px\" \/>\t\t\t\t\t\t\t\t\t\t\t\t\t\t\t<\/div>\n\t\t\t\t<\/div>\n\t\t\t\t\t<\/div>\n\t\t<\/div>\n\t\t\t\t<div class=\"elementor-column elementor-col-50 elementor-top-column elementor-element elementor-element-ad1228c\" data-id=\"ad1228c\" data-element_type=\"column\">\n\t\t\t<div class=\"elementor-widget-wrap elementor-element-populated\">\n\t\t\t\t\t\t<div class=\"elementor-element elementor-element-13ac408 elementor-widget elementor-widget-heading\" data-id=\"13ac408\" data-element_type=\"widget\" data-widget_type=\"heading.default\">\n\t\t\t\t<div class=\"elementor-widget-container\">\n\t\t\t\t\t<h1 class=\"elementor-heading-title elementor-size-default\">Ibiza Yacht Brokerage<\/h1>\t\t\t\t<\/div>\n\t\t\t\t<\/div>\n\t\t\t\t<div class=\"elementor-element elementor-element-0750d77 elementor-widget elementor-widget-text-editor\" data-id=\"0750d77\" data-element_type=\"widget\" data-widget_type=\"text-editor.default\">\n\t\t\t\t<div class=\"elementor-widget-container\">\n\t\t\t\t\t\t\t\t\t<p>Encuentra y reserva el barco de tus sue\u00f1os en alquiler en Ibiza y pide a nuestro agente de yates de Ibiza que te ayude con tus reservas para garantizar el m\u00e1ximo servicio.  <\/p>\n\t\t\t\t\t\t\t\t<\/div>\n\t\t\t\t<\/div>\n\t\t\t\t\t<\/div>\n\t\t<\/div>\n\t\t\t\t\t<\/div>\n\t\t<\/section>\n\t\t\t\t<section class=\"elementor-section elementor-top-section elementor-element elementor-element-1fecbe5 elementor-section-boxed elementor-section-height-default elementor-section-height-default\" data-id=\"1fecbe5\" data-element_type=\"section\">\n\t\t\t\t\t\t<div class=\"elementor-container elementor-column-gap-default\">\n\t\t\t\t\t<div class=\"elementor-column elementor-col-100 elementor-top-column elementor-element elementor-element-e83ae22\" data-id=\"e83ae22\" data-element_type=\"column\">\n\t\t\t<div class=\"elementor-widget-wrap elementor-element-populated\">\n\t\t\t\t\t\t<div class=\"elementor-element elementor-element-8636e2e elementor-widget elementor-widget-heading\" data-id=\"8636e2e\" data-element_type=\"widget\" data-widget_type=\"heading.default\">\n\t\t\t\t<div class=\"elementor-widget-container\">\n\t\t\t\t\t<h2 class=\"elementor-heading-title elementor-size-default\">Alquiler de barcos en Ibiza<\/h2>\t\t\t\t<\/div>\n\t\t\t\t<\/div>\n\t\t\t\t<div class=\"elementor-element elementor-element-2c256a8 elementor-widget elementor-widget-text-editor\" data-id=\"2c256a8\" data-element_type=\"widget\" data-widget_type=\"text-editor.default\">\n\t\t\t\t<div class=\"elementor-widget-container\">\n\t\t\t\t\t\t\t\t\t<p>Navega por nuestra selecci\u00f3n de los mejores alquileres de barcos de lujo en Ibiza:<\/p>\n\t\t\t\t\t\t\t\t<\/div>\n\t\t\t\t<\/div>\n\t\t\t\t<div class=\"elementor-element elementor-element-cc9f1dd elementor-align-center elementor-widget elementor-widget-button\" data-id=\"cc9f1dd\" data-element_type=\"widget\" data-widget_type=\"button.default\">\n\t\t\t\t<div class=\"elementor-widget-container\">\n\t\t\t\t\t\t\t\t\t<div class=\"elementor-button-wrapper\">\n\t\t\t\t\t<a class=\"elementor-button elementor-button-link elementor-size-sm\" href=\"https:\/\/ibiza-yacht.com\/rentals\/\">\n\t\t\t\t\t\t<span class=\"elementor-button-content-wrapper\">\n\t\t\t\t\t\t\t\t\t<span class=\"elementor-button-text\">Todos los barcos<\/span>\n\t\t\t\t\t<\/span>\n\t\t\t\t\t<\/a>\n\t\t\t\t<\/div>\n\t\t\t\t\t\t\t\t<\/div>\n\t\t\t\t<\/div>\n\t\t\t\t\t<\/div>\n\t\t<\/div>\n\t\t\t\t\t<\/div>\n\t\t<\/section>\n\t\t\t\t<\/div>\n\t\t","protected":false},"excerpt":{"rendered":"<p>Ponte en contacto con Ibiza Yacht Brokerage Encuentra y reserva el yate de tus sue\u00f1os para alquilar en Ibiza y pide a nuestro br\u00f3ker de yates en Ibiza que te ayude con tus reservas para garantizarte el m\u00e1ximo servicio. Yates de alquiler en Ibiza Navega por nuestra selecci\u00f3n de los mejores alquileres de yates de&hellip; <a class=\"more-link\" href=\"https:\/\/ibiza-yacht.com\/es\/ponte-en-contacto-con\/\">Seguir leyendo <span class=\"screen-reader-text\">Ponte en contacto con<\/span><\/a><\/p>\n","protected":false},"author":3,"featured_media":17957,"parent":0,"menu_order":0,"comment_status":"closed","ping_status":"closed","template":"elementor_header_footer","meta":{"_acf_changed":false,"footnotes":""},"acf":[],"yoast_head":"<!-- This site is optimized with the Yoast SEO plugin v23.5 - https:\/\/yoast.com\/wordpress\/plugins\/seo\/ -->\n<title>Ibiza Yacht Brokerage - Ibiza Yachts<\/title>\n<meta name=\"description\" content=\"Ponte en contacto con uno de nuestros Agentes de Yates en Ibiza para encontrar tu barco de alquiler perfecto para las pr\u00f3ximas vacaciones de verano en las Islas Baleares.\" \/>\n<meta name=\"robots\" content=\"index, follow, max-snippet:-1, max-image-preview:large, max-video-preview:-1\" \/>\n<link rel=\"canonical\" href=\"https:\/\/ibiza-yacht.com\/es\/ponte-en-contacto-con\/\" \/>\n<meta property=\"og:locale\" content=\"es_ES\" \/>\n<meta property=\"og:type\" content=\"article\" \/>\n<meta property=\"og:title\" content=\"Ibiza Yacht Brokerage - Ibiza Yachts\" \/>\n<meta property=\"og:description\" content=\"Ponte en contacto con uno de nuestros Agentes de Yates en Ibiza para encontrar tu barco de alquiler perfecto para las pr\u00f3ximas vacaciones de verano en las Islas Baleares.\" \/>\n<meta property=\"og:url\" content=\"https:\/\/ibiza-yacht.com\/es\/ponte-en-contacto-con\/\" \/>\n<meta property=\"og:site_name\" content=\"Ibiza Yachts\" \/>\n<meta property=\"article:modified_time\" content=\"2025-03-18T17:38:49+00:00\" \/>\n<meta property=\"og:image\" content=\"https:\/\/ibiza-yacht.com\/wp-content\/uploads\/2022\/07\/Sunseeker-65-Sport-Yacht-for-Charter-10.jpeg\" \/>\n\t<meta property=\"og:image:width\" content=\"2160\" \/>\n\t<meta property=\"og:image:height\" content=\"1440\" \/>\n\t<meta property=\"og:image:type\" content=\"image\/jpeg\" \/>\n<meta name=\"twitter:card\" content=\"summary_large_image\" \/>\n<script type=\"application\/ld+json\" class=\"yoast-schema-graph\">{\"@context\":\"https:\/\/schema.org\",\"@graph\":[{\"@type\":\"WebPage\",\"@id\":\"https:\/\/ibiza-yacht.com\/es\/ponte-en-contacto-con\/\",\"url\":\"https:\/\/ibiza-yacht.com\/es\/ponte-en-contacto-con\/\",\"name\":\"Ibiza Yacht Brokerage - Ibiza Yachts\",\"isPartOf\":{\"@id\":\"https:\/\/ibiza-yacht.com\/es\/#website\"},\"primaryImageOfPage\":{\"@id\":\"https:\/\/ibiza-yacht.com\/es\/ponte-en-contacto-con\/#primaryimage\"},\"image\":{\"@id\":\"https:\/\/ibiza-yacht.com\/es\/ponte-en-contacto-con\/#primaryimage\"},\"thumbnailUrl\":\"https:\/\/ibiza-yacht.com\/wp-content\/uploads\/2022\/07\/Sunseeker-65-Sport-Yacht-for-Charter-10.jpeg\",\"datePublished\":\"2022-01-14T22:04:54+00:00\",\"dateModified\":\"2025-03-18T17:38:49+00:00\",\"description\":\"Ponte en contacto con uno de nuestros Agentes de Yates en Ibiza para encontrar tu barco de alquiler perfecto para las pr\u00f3ximas vacaciones de verano en las Islas Baleares.\",\"breadcrumb\":{\"@id\":\"https:\/\/ibiza-yacht.com\/es\/ponte-en-contacto-con\/#breadcrumb\"},\"inLanguage\":\"es\",\"potentialAction\":[{\"@type\":\"ReadAction\",\"target\":[\"https:\/\/ibiza-yacht.com\/es\/ponte-en-contacto-con\/\"]}]},{\"@type\":\"ImageObject\",\"inLanguage\":\"es\",\"@id\":\"https:\/\/ibiza-yacht.com\/es\/ponte-en-contacto-con\/#primaryimage\",\"url\":\"https:\/\/ibiza-yacht.com\/wp-content\/uploads\/2022\/07\/Sunseeker-65-Sport-Yacht-for-Charter-10.jpeg\",\"contentUrl\":\"https:\/\/ibiza-yacht.com\/wp-content\/uploads\/2022\/07\/Sunseeker-65-Sport-Yacht-for-Charter-10.jpeg\",\"width\":2160,\"height\":1440},{\"@type\":\"BreadcrumbList\",\"@id\":\"https:\/\/ibiza-yacht.com\/es\/ponte-en-contacto-con\/#breadcrumb\",\"itemListElement\":[{\"@type\":\"ListItem\",\"position\":1,\"name\":\"Home\",\"item\":\"https:\/\/ibiza-yacht.com\/es\/pagina-de-inicio\/\"},{\"@type\":\"ListItem\",\"position\":2,\"name\":\"Ponte en contacto con\"}]},{\"@type\":\"WebSite\",\"@id\":\"https:\/\/ibiza-yacht.com\/es\/#website\",\"url\":\"https:\/\/ibiza-yacht.com\/es\/\",\"name\":\"Ibiza Yachts\",\"description\":\"Ibiza Yachts for rent\",\"publisher\":{\"@id\":\"https:\/\/ibiza-yacht.com\/es\/#organization\"},\"potentialAction\":[{\"@type\":\"SearchAction\",\"target\":{\"@type\":\"EntryPoint\",\"urlTemplate\":\"https:\/\/ibiza-yacht.com\/es\/?s={search_term_string}\"},\"query-input\":{\"@type\":\"PropertyValueSpecification\",\"valueRequired\":true,\"valueName\":\"search_term_string\"}}],\"inLanguage\":\"es\"},{\"@type\":\"Organization\",\"@id\":\"https:\/\/ibiza-yacht.com\/es\/#organization\",\"name\":\"Ibiza Yachts\",\"url\":\"https:\/\/ibiza-yacht.com\/es\/\",\"logo\":{\"@type\":\"ImageObject\",\"inLanguage\":\"es\",\"@id\":\"https:\/\/ibiza-yacht.com\/es\/#\/schema\/logo\/image\/\",\"url\":\"https:\/\/ibiza-yacht.com\/wp-content\/uploads\/2022\/01\/Cannes-Villa-Logo.jpg\",\"contentUrl\":\"https:\/\/ibiza-yacht.com\/wp-content\/uploads\/2022\/01\/Cannes-Villa-Logo.jpg\",\"width\":1704,\"height\":1704,\"caption\":\"Ibiza Yachts\"},\"image\":{\"@id\":\"https:\/\/ibiza-yacht.com\/es\/#\/schema\/logo\/image\/\"}}]}<\/script>\n<!-- \/ Yoast SEO plugin. -->","yoast_head_json":{"title":"Ibiza Yacht Brokerage - Ibiza Yachts","description":"Ponte en contacto con uno de nuestros Agentes de Yates en Ibiza para encontrar tu barco de alquiler perfecto para las pr\u00f3ximas vacaciones de verano en las Islas Baleares.","robots":{"index":"index","follow":"follow","max-snippet":"max-snippet:-1","max-image-preview":"max-image-preview:large","max-video-preview":"max-video-preview:-1"},"canonical":"https:\/\/ibiza-yacht.com\/es\/ponte-en-contacto-con\/","og_locale":"es_ES","og_type":"article","og_title":"Ibiza Yacht Brokerage - Ibiza Yachts","og_description":"Ponte en contacto con uno de nuestros Agentes de Yates en Ibiza para encontrar tu barco de alquiler perfecto para las pr\u00f3ximas vacaciones de verano en las Islas Baleares.","og_url":"https:\/\/ibiza-yacht.com\/es\/ponte-en-contacto-con\/","og_site_name":"Ibiza Yachts","article_modified_time":"2025-03-18T17:38:49+00:00","og_image":[{"width":2160,"height":1440,"url":"https:\/\/ibiza-yacht.com\/wp-content\/uploads\/2022\/07\/Sunseeker-65-Sport-Yacht-for-Charter-10.jpeg","type":"image\/jpeg"}],"twitter_card":"summary_large_image","schema":{"@context":"https:\/\/schema.org","@graph":[{"@type":"WebPage","@id":"https:\/\/ibiza-yacht.com\/es\/ponte-en-contacto-con\/","url":"https:\/\/ibiza-yacht.com\/es\/ponte-en-contacto-con\/","name":"Ibiza Yacht Brokerage - Ibiza Yachts","isPartOf":{"@id":"https:\/\/ibiza-yacht.com\/es\/#website"},"primaryImageOfPage":{"@id":"https:\/\/ibiza-yacht.com\/es\/ponte-en-contacto-con\/#primaryimage"},"image":{"@id":"https:\/\/ibiza-yacht.com\/es\/ponte-en-contacto-con\/#primaryimage"},"thumbnailUrl":"https:\/\/ibiza-yacht.com\/wp-content\/uploads\/2022\/07\/Sunseeker-65-Sport-Yacht-for-Charter-10.jpeg","datePublished":"2022-01-14T22:04:54+00:00","dateModified":"2025-03-18T17:38:49+00:00","description":"Ponte en contacto con uno de nuestros Agentes de Yates en Ibiza para encontrar tu barco de alquiler perfecto para las pr\u00f3ximas vacaciones de verano en las Islas Baleares.","breadcrumb":{"@id":"https:\/\/ibiza-yacht.com\/es\/ponte-en-contacto-con\/#breadcrumb"},"inLanguage":"es","potentialAction":[{"@type":"ReadAction","target":["https:\/\/ibiza-yacht.com\/es\/ponte-en-contacto-con\/"]}]},{"@type":"ImageObject","inLanguage":"es","@id":"https:\/\/ibiza-yacht.com\/es\/ponte-en-contacto-con\/#primaryimage","url":"https:\/\/ibiza-yacht.com\/wp-content\/uploads\/2022\/07\/Sunseeker-65-Sport-Yacht-for-Charter-10.jpeg","contentUrl":"https:\/\/ibiza-yacht.com\/wp-content\/uploads\/2022\/07\/Sunseeker-65-Sport-Yacht-for-Charter-10.jpeg","width":2160,"height":1440},{"@type":"BreadcrumbList","@id":"https:\/\/ibiza-yacht.com\/es\/ponte-en-contacto-con\/#breadcrumb","itemListElement":[{"@type":"ListItem","position":1,"name":"Home","item":"https:\/\/ibiza-yacht.com\/es\/pagina-de-inicio\/"},{"@type":"ListItem","position":2,"name":"Ponte en contacto con"}]},{"@type":"WebSite","@id":"https:\/\/ibiza-yacht.com\/es\/#website","url":"https:\/\/ibiza-yacht.com\/es\/","name":"Ibiza Yachts","description":"Ibiza Yachts for rent","publisher":{"@id":"https:\/\/ibiza-yacht.com\/es\/#organization"},"potentialAction":[{"@type":"SearchAction","target":{"@type":"EntryPoint","urlTemplate":"https:\/\/ibiza-yacht.com\/es\/?s={search_term_string}"},"query-input":{"@type":"PropertyValueSpecification","valueRequired":true,"valueName":"search_term_string"}}],"inLanguage":"es"},{"@type":"Organization","@id":"https:\/\/ibiza-yacht.com\/es\/#organization","name":"Ibiza Yachts","url":"https:\/\/ibiza-yacht.com\/es\/","logo":{"@type":"ImageObject","inLanguage":"es","@id":"https:\/\/ibiza-yacht.com\/es\/#\/schema\/logo\/image\/","url":"https:\/\/ibiza-yacht.com\/wp-content\/uploads\/2022\/01\/Cannes-Villa-Logo.jpg","contentUrl":"https:\/\/ibiza-yacht.com\/wp-content\/uploads\/2022\/01\/Cannes-Villa-Logo.jpg","width":1704,"height":1704,"caption":"Ibiza Yachts"},"image":{"@id":"https:\/\/ibiza-yacht.com\/es\/#\/schema\/logo\/image\/"}}]}},"_links":{"self":[{"href":"https:\/\/ibiza-yacht.com\/es\/wp-json\/wp\/v2\/pages\/17905"}],"collection":[{"href":"https:\/\/ibiza-yacht.com\/es\/wp-json\/wp\/v2\/pages"}],"about":[{"href":"https:\/\/ibiza-yacht.com\/es\/wp-json\/wp\/v2\/types\/page"}],"author":[{"embeddable":true,"href":"https:\/\/ibiza-yacht.com\/es\/wp-json\/wp\/v2\/users\/3"}],"replies":[{"embeddable":true,"href":"https:\/\/ibiza-yacht.com\/es\/wp-json\/wp\/v2\/comments?post=17905"}],"version-history":[{"count":0,"href":"https:\/\/ibiza-yacht.com\/es\/wp-json\/wp\/v2\/pages\/17905\/revisions"}],"wp:featuredmedia":[{"embeddable":true,"href":"https:\/\/ibiza-yacht.com\/es\/wp-json\/wp\/v2\/media\/17957"}],"wp:attachment":[{"href":"https:\/\/ibiza-yacht.com\/es\/wp-json\/wp\/v2\/media?parent=17905"}],"curies":[{"name":"wp","href":"https:\/\/api.w.org\/{rel}","templated":true}]}}