{"id":18978,"date":"2022-03-19T11:30:19","date_gmt":"2022-03-19T11:30:19","guid":{"rendered":"https:\/\/ibiza-yacht.com\/vandutch\/"},"modified":"2025-03-18T18:47:11","modified_gmt":"2025-03-18T18:47:11","slug":"vandutch","status":"publish","type":"page","link":"https:\/\/ibiza-yacht.com\/es\/vandutch\/","title":{"rendered":"VanDutch"},"content":{"rendered":"\t\t<div data-elementor-type=\"wp-page\" data-elementor-id=\"18978\" class=\"elementor elementor-18978 elementor-2362\">\n\t\t\t\t\t\t<section class=\"elementor-section elementor-top-section elementor-element elementor-element-b7e567a elementor-section-height-min-height elementor-section-items-bottom elementor-section-content-bottom elementor-section-boxed elementor-section-height-default\" data-id=\"b7e567a\" data-element_type=\"section\" data-settings=\"{&quot;background_background&quot;:&quot;classic&quot;}\">\n\t\t\t\t\t\t<div class=\"elementor-container elementor-column-gap-default\">\n\t\t\t\t\t<div class=\"elementor-column elementor-col-100 elementor-top-column elementor-element elementor-element-a2b1923\" data-id=\"a2b1923\" data-element_type=\"column\">\n\t\t\t<div class=\"elementor-widget-wrap elementor-element-populated\">\n\t\t\t\t\t\t<div class=\"elementor-element elementor-element-6a8a18f elementor-widget elementor-widget-heading\" data-id=\"6a8a18f\" data-element_type=\"widget\" data-widget_type=\"heading.default\">\n\t\t\t\t<div class=\"elementor-widget-container\">\n\t\t\t\t\t<h1 class=\"elementor-heading-title elementor-size-default\">VANDUTCH<\/h1>\t\t\t\t<\/div>\n\t\t\t\t<\/div>\n\t\t\t\t\t<\/div>\n\t\t<\/div>\n\t\t\t\t\t<\/div>\n\t\t<\/section>\n\t\t\t\t<section class=\"elementor-section elementor-top-section elementor-element elementor-element-9da68ef elementor-section-boxed elementor-section-height-default elementor-section-height-default\" data-id=\"9da68ef\" data-element_type=\"section\">\n\t\t\t\t\t\t<div class=\"elementor-container elementor-column-gap-default\">\n\t\t\t\t\t<div class=\"elementor-column elementor-col-100 elementor-top-column elementor-element elementor-element-6726422\" data-id=\"6726422\" data-element_type=\"column\">\n\t\t\t<div class=\"elementor-widget-wrap elementor-element-populated\">\n\t\t\t\t\t\t<div class=\"elementor-element elementor-element-61f4c80 elementor-widget elementor-widget-heading\" data-id=\"61f4c80\" data-element_type=\"widget\" data-widget_type=\"heading.default\">\n\t\t\t\t<div class=\"elementor-widget-container\">\n\t\t\t\t\t<h2 class=\"elementor-heading-title elementor-size-default\">VANDA EN ALQUILER EN Ibiza<\/h2>\t\t\t\t<\/div>\n\t\t\t\t<\/div>\n\t\t\t\t<div class=\"elementor-element elementor-element-f341bd7 elementor-widget elementor-widget-text-editor\" data-id=\"f341bd7\" data-element_type=\"widget\" data-widget_type=\"text-editor.default\">\n\t\t\t\t<div class=\"elementor-widget-container\">\n\t\t\t\t\t\t\t\t\t<p>La lista definitiva de yates VanDutch de alquiler en Ibiza. Tanto si buscas una embarcaci\u00f3n para pasar el d\u00eda como una gran embarcaci\u00f3n auxiliar para dar sombra a un superyate, el VanDutch es uno de los mejores yates. Con un dise\u00f1o radical, una impresionante ba\u00f1era con amplios sol\u00e1riums y un confortable interior, son ideales para navegar por las aguas mediterr\u00e1neas que rodean Ibiza.  <\/p>\n\t\t\t\t\t\t\t\t<\/div>\n\t\t\t\t<\/div>\n\t\t\t\t\t<\/div>\n\t\t<\/div>\n\t\t\t\t\t<\/div>\n\t\t<\/section>\n\t\t\t\t<section class=\"elementor-section elementor-top-section elementor-element elementor-element-70decb7 elementor-section-boxed elementor-section-height-default elementor-section-height-default\" data-id=\"70decb7\" data-element_type=\"section\">\n\t\t\t\t\t\t<div class=\"elementor-container elementor-column-gap-default\">\n\t\t\t\t\t<div class=\"elementor-column elementor-col-100 elementor-top-column elementor-element elementor-element-8a6d6c1\" data-id=\"8a6d6c1\" data-element_type=\"column\">\n\t\t\t<div class=\"elementor-widget-wrap elementor-element-populated\">\n\t\t\t\t\t\t<div class=\"elementor-element elementor-element-f5b93a2 elementor-widget elementor-widget-heading\" data-id=\"f5b93a2\" data-element_type=\"widget\" data-widget_type=\"heading.default\">\n\t\t\t\t<div class=\"elementor-widget-container\">\n\t\t\t\t\t<h3 class=\"elementor-heading-title elementor-size-default\">Ibiza Vandutch Alquiler<\/h3>\t\t\t\t<\/div>\n\t\t\t\t<\/div>\n\t\t\t\t<div class=\"elementor-element elementor-element-1341b27 elementor-widget elementor-widget-text-editor\" data-id=\"1341b27\" data-element_type=\"widget\" data-widget_type=\"text-editor.default\">\n\t\t\t\t<div class=\"elementor-widget-container\">\n\t\t\t\t\t\t\t\t\t<p>Navega por nuestra selecci\u00f3n de los mejores barcos VanDutch de alquiler en Ibiza:<\/p>\n\t\t\t\t\t\t\t\t<\/div>\n\t\t\t\t<\/div>\n\t\t\t\t\t<\/div>\n\t\t<\/div>\n\t\t\t\t\t<\/div>\n\t\t<\/section>\n\t\t\t\t<\/div>\n\t\t","protected":false},"excerpt":{"rendered":"<p>VANDUTCH VANDUELA EN Ibiza La lista definitiva de yates VanDutch para alquilar en Ibiza. Tanto si buscas una embarcaci\u00f3n para pasar el d\u00eda como una gran embarcaci\u00f3n auxiliar para dar sombra a un superyate, el VanDutch es uno de los mejores yates. Con un dise\u00f1o radical, una impresionante ba\u00f1era con amplios sol\u00e1riums y un confortable&hellip; <a class=\"more-link\" href=\"https:\/\/ibiza-yacht.com\/es\/vandutch\/\">Seguir leyendo <span class=\"screen-reader-text\">VanDutch<\/span><\/a><\/p>\n","protected":false},"author":3,"featured_media":18874,"parent":0,"menu_order":0,"comment_status":"closed","ping_status":"closed","template":"elementor_header_footer","meta":{"_acf_changed":false,"footnotes":""},"acf":[],"yoast_head":"<!-- This site is optimized with the Yoast SEO plugin v23.5 - https:\/\/yoast.com\/wordpress\/plugins\/seo\/ -->\n<title>Alquiler de VanDutch en Ibiza - Alquiler de VanDutch en Ibiza - Ibiza Yachts<\/title>\n<meta name=\"description\" content=\"\u00a1Sube a bordo de una emblem\u00e1tica VanDutch en Ibiza! Navega por nuestra selecci\u00f3n de VanDutch de alquiler en Ibiza y emb\u00e1rcate en un crucero de lujo.\" \/>\n<meta name=\"robots\" content=\"index, follow, max-snippet:-1, max-image-preview:large, max-video-preview:-1\" \/>\n<link rel=\"canonical\" href=\"https:\/\/ibiza-yacht.com\/es\/vandutch\/\" \/>\n<meta property=\"og:locale\" content=\"es_ES\" \/>\n<meta property=\"og:type\" content=\"article\" \/>\n<meta property=\"og:title\" content=\"Alquiler de VanDutch en Ibiza - Alquiler de VanDutch en Ibiza - Ibiza Yachts\" \/>\n<meta property=\"og:description\" content=\"\u00a1Sube a bordo de una emblem\u00e1tica VanDutch en Ibiza! Navega por nuestra selecci\u00f3n de VanDutch de alquiler en Ibiza y emb\u00e1rcate en un crucero de lujo.\" \/>\n<meta property=\"og:url\" content=\"https:\/\/ibiza-yacht.com\/es\/vandutch\/\" \/>\n<meta property=\"og:site_name\" content=\"Ibiza Yachts\" \/>\n<meta property=\"article:modified_time\" content=\"2025-03-18T18:47:11+00:00\" \/>\n<meta property=\"og:image\" content=\"https:\/\/ibiza-yacht.com\/wp-content\/uploads\/2022\/08\/VanDutch-55-5.jpg\" \/>\n\t<meta property=\"og:image:width\" content=\"1500\" \/>\n\t<meta property=\"og:image:height\" content=\"1000\" \/>\n\t<meta property=\"og:image:type\" content=\"image\/jpeg\" \/>\n<meta name=\"twitter:card\" content=\"summary_large_image\" \/>\n<script type=\"application\/ld+json\" class=\"yoast-schema-graph\">{\"@context\":\"https:\/\/schema.org\",\"@graph\":[{\"@type\":\"WebPage\",\"@id\":\"https:\/\/ibiza-yacht.com\/es\/vandutch\/\",\"url\":\"https:\/\/ibiza-yacht.com\/es\/vandutch\/\",\"name\":\"Alquiler de VanDutch en Ibiza - Alquiler de VanDutch en Ibiza - Ibiza Yachts\",\"isPartOf\":{\"@id\":\"https:\/\/ibiza-yacht.com\/es\/#website\"},\"primaryImageOfPage\":{\"@id\":\"https:\/\/ibiza-yacht.com\/es\/vandutch\/#primaryimage\"},\"image\":{\"@id\":\"https:\/\/ibiza-yacht.com\/es\/vandutch\/#primaryimage\"},\"thumbnailUrl\":\"https:\/\/ibiza-yacht.com\/wp-content\/uploads\/2022\/08\/VanDutch-55-5.jpg\",\"datePublished\":\"2022-03-19T11:30:19+00:00\",\"dateModified\":\"2025-03-18T18:47:11+00:00\",\"description\":\"\u00a1Sube a bordo de una emblem\u00e1tica VanDutch en Ibiza! Navega por nuestra selecci\u00f3n de VanDutch de alquiler en Ibiza y emb\u00e1rcate en un crucero de lujo.\",\"breadcrumb\":{\"@id\":\"https:\/\/ibiza-yacht.com\/es\/vandutch\/#breadcrumb\"},\"inLanguage\":\"es\",\"potentialAction\":[{\"@type\":\"ReadAction\",\"target\":[\"https:\/\/ibiza-yacht.com\/es\/vandutch\/\"]}]},{\"@type\":\"ImageObject\",\"inLanguage\":\"es\",\"@id\":\"https:\/\/ibiza-yacht.com\/es\/vandutch\/#primaryimage\",\"url\":\"https:\/\/ibiza-yacht.com\/wp-content\/uploads\/2022\/08\/VanDutch-55-5.jpg\",\"contentUrl\":\"https:\/\/ibiza-yacht.com\/wp-content\/uploads\/2022\/08\/VanDutch-55-5.jpg\",\"width\":1500,\"height\":1000},{\"@type\":\"BreadcrumbList\",\"@id\":\"https:\/\/ibiza-yacht.com\/es\/vandutch\/#breadcrumb\",\"itemListElement\":[{\"@type\":\"ListItem\",\"position\":1,\"name\":\"Home\",\"item\":\"https:\/\/ibiza-yacht.com\/es\/pagina-de-inicio\/\"},{\"@type\":\"ListItem\",\"position\":2,\"name\":\"VanDutch\"}]},{\"@type\":\"WebSite\",\"@id\":\"https:\/\/ibiza-yacht.com\/es\/#website\",\"url\":\"https:\/\/ibiza-yacht.com\/es\/\",\"name\":\"Ibiza Yachts\",\"description\":\"Ibiza Yachts for rent\",\"publisher\":{\"@id\":\"https:\/\/ibiza-yacht.com\/es\/#organization\"},\"potentialAction\":[{\"@type\":\"SearchAction\",\"target\":{\"@type\":\"EntryPoint\",\"urlTemplate\":\"https:\/\/ibiza-yacht.com\/es\/?s={search_term_string}\"},\"query-input\":{\"@type\":\"PropertyValueSpecification\",\"valueRequired\":true,\"valueName\":\"search_term_string\"}}],\"inLanguage\":\"es\"},{\"@type\":\"Organization\",\"@id\":\"https:\/\/ibiza-yacht.com\/es\/#organization\",\"name\":\"Ibiza Yachts\",\"url\":\"https:\/\/ibiza-yacht.com\/es\/\",\"logo\":{\"@type\":\"ImageObject\",\"inLanguage\":\"es\",\"@id\":\"https:\/\/ibiza-yacht.com\/es\/#\/schema\/logo\/image\/\",\"url\":\"https:\/\/ibiza-yacht.com\/wp-content\/uploads\/2022\/01\/Cannes-Villa-Logo.jpg\",\"contentUrl\":\"https:\/\/ibiza-yacht.com\/wp-content\/uploads\/2022\/01\/Cannes-Villa-Logo.jpg\",\"width\":1704,\"height\":1704,\"caption\":\"Ibiza Yachts\"},\"image\":{\"@id\":\"https:\/\/ibiza-yacht.com\/es\/#\/schema\/logo\/image\/\"}}]}<\/script>\n<!-- \/ Yoast SEO plugin. -->","yoast_head_json":{"title":"Alquiler de VanDutch en Ibiza - Alquiler de VanDutch en Ibiza - Ibiza Yachts","description":"\u00a1Sube a bordo de una emblem\u00e1tica VanDutch en Ibiza! Navega por nuestra selecci\u00f3n de VanDutch de alquiler en Ibiza y emb\u00e1rcate en un crucero de lujo.","robots":{"index":"index","follow":"follow","max-snippet":"max-snippet:-1","max-image-preview":"max-image-preview:large","max-video-preview":"max-video-preview:-1"},"canonical":"https:\/\/ibiza-yacht.com\/es\/vandutch\/","og_locale":"es_ES","og_type":"article","og_title":"Alquiler de VanDutch en Ibiza - Alquiler de VanDutch en Ibiza - Ibiza Yachts","og_description":"\u00a1Sube a bordo de una emblem\u00e1tica VanDutch en Ibiza! Navega por nuestra selecci\u00f3n de VanDutch de alquiler en Ibiza y emb\u00e1rcate en un crucero de lujo.","og_url":"https:\/\/ibiza-yacht.com\/es\/vandutch\/","og_site_name":"Ibiza Yachts","article_modified_time":"2025-03-18T18:47:11+00:00","og_image":[{"width":1500,"height":1000,"url":"https:\/\/ibiza-yacht.com\/wp-content\/uploads\/2022\/08\/VanDutch-55-5.jpg","type":"image\/jpeg"}],"twitter_card":"summary_large_image","schema":{"@context":"https:\/\/schema.org","@graph":[{"@type":"WebPage","@id":"https:\/\/ibiza-yacht.com\/es\/vandutch\/","url":"https:\/\/ibiza-yacht.com\/es\/vandutch\/","name":"Alquiler de VanDutch en Ibiza - Alquiler de VanDutch en Ibiza - Ibiza Yachts","isPartOf":{"@id":"https:\/\/ibiza-yacht.com\/es\/#website"},"primaryImageOfPage":{"@id":"https:\/\/ibiza-yacht.com\/es\/vandutch\/#primaryimage"},"image":{"@id":"https:\/\/ibiza-yacht.com\/es\/vandutch\/#primaryimage"},"thumbnailUrl":"https:\/\/ibiza-yacht.com\/wp-content\/uploads\/2022\/08\/VanDutch-55-5.jpg","datePublished":"2022-03-19T11:30:19+00:00","dateModified":"2025-03-18T18:47:11+00:00","description":"\u00a1Sube a bordo de una emblem\u00e1tica VanDutch en Ibiza! Navega por nuestra selecci\u00f3n de VanDutch de alquiler en Ibiza y emb\u00e1rcate en un crucero de lujo.","breadcrumb":{"@id":"https:\/\/ibiza-yacht.com\/es\/vandutch\/#breadcrumb"},"inLanguage":"es","potentialAction":[{"@type":"ReadAction","target":["https:\/\/ibiza-yacht.com\/es\/vandutch\/"]}]},{"@type":"ImageObject","inLanguage":"es","@id":"https:\/\/ibiza-yacht.com\/es\/vandutch\/#primaryimage","url":"https:\/\/ibiza-yacht.com\/wp-content\/uploads\/2022\/08\/VanDutch-55-5.jpg","contentUrl":"https:\/\/ibiza-yacht.com\/wp-content\/uploads\/2022\/08\/VanDutch-55-5.jpg","width":1500,"height":1000},{"@type":"BreadcrumbList","@id":"https:\/\/ibiza-yacht.com\/es\/vandutch\/#breadcrumb","itemListElement":[{"@type":"ListItem","position":1,"name":"Home","item":"https:\/\/ibiza-yacht.com\/es\/pagina-de-inicio\/"},{"@type":"ListItem","position":2,"name":"VanDutch"}]},{"@type":"WebSite","@id":"https:\/\/ibiza-yacht.com\/es\/#website","url":"https:\/\/ibiza-yacht.com\/es\/","name":"Ibiza Yachts","description":"Ibiza Yachts for rent","publisher":{"@id":"https:\/\/ibiza-yacht.com\/es\/#organization"},"potentialAction":[{"@type":"SearchAction","target":{"@type":"EntryPoint","urlTemplate":"https:\/\/ibiza-yacht.com\/es\/?s={search_term_string}"},"query-input":{"@type":"PropertyValueSpecification","valueRequired":true,"valueName":"search_term_string"}}],"inLanguage":"es"},{"@type":"Organization","@id":"https:\/\/ibiza-yacht.com\/es\/#organization","name":"Ibiza Yachts","url":"https:\/\/ibiza-yacht.com\/es\/","logo":{"@type":"ImageObject","inLanguage":"es","@id":"https:\/\/ibiza-yacht.com\/es\/#\/schema\/logo\/image\/","url":"https:\/\/ibiza-yacht.com\/wp-content\/uploads\/2022\/01\/Cannes-Villa-Logo.jpg","contentUrl":"https:\/\/ibiza-yacht.com\/wp-content\/uploads\/2022\/01\/Cannes-Villa-Logo.jpg","width":1704,"height":1704,"caption":"Ibiza Yachts"},"image":{"@id":"https:\/\/ibiza-yacht.com\/es\/#\/schema\/logo\/image\/"}}]}},"_links":{"self":[{"href":"https:\/\/ibiza-yacht.com\/es\/wp-json\/wp\/v2\/pages\/18978"}],"collection":[{"href":"https:\/\/ibiza-yacht.com\/es\/wp-json\/wp\/v2\/pages"}],"about":[{"href":"https:\/\/ibiza-yacht.com\/es\/wp-json\/wp\/v2\/types\/page"}],"author":[{"embeddable":true,"href":"https:\/\/ibiza-yacht.com\/es\/wp-json\/wp\/v2\/users\/3"}],"replies":[{"embeddable":true,"href":"https:\/\/ibiza-yacht.com\/es\/wp-json\/wp\/v2\/comments?post=18978"}],"version-history":[{"count":0,"href":"https:\/\/ibiza-yacht.com\/es\/wp-json\/wp\/v2\/pages\/18978\/revisions"}],"wp:featuredmedia":[{"embeddable":true,"href":"https:\/\/ibiza-yacht.com\/es\/wp-json\/wp\/v2\/media\/18874"}],"wp:attachment":[{"href":"https:\/\/ibiza-yacht.com\/es\/wp-json\/wp\/v2\/media?parent=18978"}],"curies":[{"name":"wp","href":"https:\/\/api.w.org\/{rel}","templated":true}]}}