{"id":11058,"date":"2022-01-16T18:07:54","date_gmt":"2022-01-16T18:07:54","guid":{"rendered":"https:\/\/ibiza-yacht.com\/concierge\/voitures\/"},"modified":"2025-03-18T17:19:21","modified_gmt":"2025-03-18T17:19:21","slug":"voitures","status":"publish","type":"page","link":"https:\/\/ibiza-yacht.com\/fr\/concierge\/voitures\/","title":{"rendered":"Voitures"},"content":{"rendered":"\t\t<div data-elementor-type=\"wp-page\" data-elementor-id=\"11058\" class=\"elementor elementor-11058 elementor-473\">\n\t\t\t\t\t\t<section class=\"elementor-section elementor-top-section elementor-element elementor-element-4d1a7b2 elementor-section-height-min-height elementor-section-boxed elementor-section-height-default elementor-section-items-middle\" data-id=\"4d1a7b2\" data-element_type=\"section\" data-settings=\"{&quot;background_background&quot;:&quot;classic&quot;}\">\n\t\t\t\t\t\t<div class=\"elementor-container elementor-column-gap-default\">\n\t\t\t\t\t<div class=\"elementor-column elementor-col-100 elementor-top-column elementor-element elementor-element-c1533da\" data-id=\"c1533da\" data-element_type=\"column\">\n\t\t\t<div class=\"elementor-widget-wrap elementor-element-populated\">\n\t\t\t\t\t\t<div class=\"elementor-element elementor-element-1f60992 elementor-widget elementor-widget-heading\" data-id=\"1f60992\" data-element_type=\"widget\" data-widget_type=\"heading.default\">\n\t\t\t\t<div class=\"elementor-widget-container\">\n\t\t\t\t\t<h1 class=\"elementor-heading-title elementor-size-default\">SUPERCARS<\/h1>\t\t\t\t<\/div>\n\t\t\t\t<\/div>\n\t\t\t\t\t<\/div>\n\t\t<\/div>\n\t\t\t\t\t<\/div>\n\t\t<\/section>\n\t\t\t\t<section class=\"elementor-section elementor-top-section elementor-element elementor-element-1ed6991 elementor-reverse-mobile elementor-section-boxed elementor-section-height-default elementor-section-height-default\" data-id=\"1ed6991\" data-element_type=\"section\">\n\t\t\t\t\t\t<div class=\"elementor-container elementor-column-gap-default\">\n\t\t\t\t\t<div class=\"elementor-column elementor-col-50 elementor-top-column elementor-element elementor-element-37a1a14\" data-id=\"37a1a14\" data-element_type=\"column\">\n\t\t\t<div class=\"elementor-widget-wrap elementor-element-populated\">\n\t\t\t\t\t\t<div class=\"elementor-element elementor-element-fb6d19a elementor-widget elementor-widget-image\" data-id=\"fb6d19a\" data-element_type=\"widget\" data-widget_type=\"image.default\">\n\t\t\t\t<div class=\"elementor-widget-container\">\n\t\t\t\t\t\t\t\t\t\t\t\t\t\t\t<img fetchpriority=\"high\" decoding=\"async\" width=\"750\" height=\"500\" src=\"https:\/\/ibiza-yacht.com\/wp-content\/uploads\/2024\/04\/Range-Rover-SVJ-1024x683.jpg\" class=\"attachment-large size-large wp-image-13541\" alt=\"\" srcset=\"https:\/\/ibiza-yacht.com\/wp-content\/uploads\/2024\/04\/Range-Rover-SVJ-1024x683.jpg 1024w, https:\/\/ibiza-yacht.com\/wp-content\/uploads\/2024\/04\/Range-Rover-SVJ-300x200.jpg 300w, https:\/\/ibiza-yacht.com\/wp-content\/uploads\/2024\/04\/Range-Rover-SVJ-768x512.jpg 768w, https:\/\/ibiza-yacht.com\/wp-content\/uploads\/2024\/04\/Range-Rover-SVJ.jpg 1500w\" sizes=\"(max-width: 750px) 100vw, 750px\" style=\"width:100%;height:66.67%;max-width:1500px\" \/>\t\t\t\t\t\t\t\t\t\t\t\t\t\t\t<\/div>\n\t\t\t\t<\/div>\n\t\t\t\t\t<\/div>\n\t\t<\/div>\n\t\t\t\t<div class=\"elementor-column elementor-col-50 elementor-top-column elementor-element elementor-element-ad1228c\" data-id=\"ad1228c\" data-element_type=\"column\">\n\t\t\t<div class=\"elementor-widget-wrap elementor-element-populated\">\n\t\t\t\t\t\t<div class=\"elementor-element elementor-element-13ac408 elementor-widget elementor-widget-heading\" data-id=\"13ac408\" data-element_type=\"widget\" data-widget_type=\"heading.default\">\n\t\t\t\t<div class=\"elementor-widget-container\">\n\t\t\t\t\t<h2 class=\"elementor-heading-title elementor-size-default\">Location de supercars \u00e0 St Tropez<\/h2>\t\t\t\t<\/div>\n\t\t\t\t<\/div>\n\t\t\t\t<div class=\"elementor-element elementor-element-0750d77 elementor-widget elementor-widget-text-editor\" data-id=\"0750d77\" data-element_type=\"widget\" data-widget_type=\"text-editor.default\">\n\t\t\t\t<div class=\"elementor-widget-container\">\n\t\t\t\t\t\t\t\t\t<p>Contactez-nous pour r\u00e9server une supercar \u00e0 Ibiza et am\u00e9liorer votre exp\u00e9rience.  <\/p>\n\t\t\t\t\t\t\t\t<\/div>\n\t\t\t\t<\/div>\n\t\t\t\t\t<\/div>\n\t\t<\/div>\n\t\t\t\t\t<\/div>\n\t\t<\/section>\n\t\t\t\t<\/div>\n\t\t","protected":false},"excerpt":{"rendered":"<p>SUPERCARS LOCATION DE SUPERCARS \u00c0 IBIZA Contactez-nous pour r\u00e9server une supercar \u00e0 Ibiza et am\u00e9liorer votre exp\u00e9rience.<\/p>\n","protected":false},"author":3,"featured_media":9223,"parent":11037,"menu_order":0,"comment_status":"closed","ping_status":"closed","template":"elementor_header_footer","meta":{"_acf_changed":false,"footnotes":""},"acf":[],"yoast_head":"<!-- This site is optimized with the Yoast SEO plugin v23.5 - https:\/\/yoast.com\/wordpress\/plugins\/seo\/ -->\n<title>Location de supercars \u00e0 Ibiza - Ibiza Yachts<\/title>\n<meta name=\"description\" content=\"Contactez l&#039;un de nos agents pour trouver la supercar id\u00e9ale pour vos vacances \u00e0 Ibiza avec vos amis et votre famille.\" \/>\n<meta name=\"robots\" content=\"index, follow, max-snippet:-1, max-image-preview:large, max-video-preview:-1\" \/>\n<link rel=\"canonical\" href=\"https:\/\/ibiza-yacht.com\/fr\/concierge\/voitures\/\" \/>\n<meta property=\"og:locale\" content=\"fr_FR\" \/>\n<meta property=\"og:type\" content=\"article\" \/>\n<meta property=\"og:title\" content=\"Location de supercars \u00e0 Ibiza - Ibiza Yachts\" \/>\n<meta property=\"og:description\" content=\"Contactez l&#039;un de nos agents pour trouver la supercar id\u00e9ale pour vos vacances \u00e0 Ibiza avec vos amis et votre famille.\" \/>\n<meta property=\"og:url\" content=\"https:\/\/ibiza-yacht.com\/fr\/concierge\/voitures\/\" \/>\n<meta property=\"og:site_name\" content=\"Ibiza Yachts\" \/>\n<meta property=\"article:modified_time\" content=\"2025-03-18T17:19:21+00:00\" \/>\n<meta property=\"og:image\" content=\"https:\/\/ibiza-yacht.com\/wp-content\/uploads\/2022\/08\/Supercar-2-scaled.jpg\" \/>\n\t<meta property=\"og:image:width\" content=\"2560\" \/>\n\t<meta property=\"og:image:height\" content=\"1706\" \/>\n\t<meta property=\"og:image:type\" content=\"image\/jpeg\" \/>\n<meta name=\"twitter:card\" content=\"summary_large_image\" \/>\n<script type=\"application\/ld+json\" class=\"yoast-schema-graph\">{\"@context\":\"https:\/\/schema.org\",\"@graph\":[{\"@type\":\"WebPage\",\"@id\":\"https:\/\/ibiza-yacht.com\/fr\/concierge\/voitures\/\",\"url\":\"https:\/\/ibiza-yacht.com\/fr\/concierge\/voitures\/\",\"name\":\"Location de supercars \u00e0 Ibiza - Ibiza Yachts\",\"isPartOf\":{\"@id\":\"https:\/\/ibiza-yacht.com\/fr\/#website\"},\"primaryImageOfPage\":{\"@id\":\"https:\/\/ibiza-yacht.com\/fr\/concierge\/voitures\/#primaryimage\"},\"image\":{\"@id\":\"https:\/\/ibiza-yacht.com\/fr\/concierge\/voitures\/#primaryimage\"},\"thumbnailUrl\":\"https:\/\/ibiza-yacht.com\/wp-content\/uploads\/2022\/08\/Supercar-2-scaled.jpg\",\"datePublished\":\"2022-01-16T18:07:54+00:00\",\"dateModified\":\"2025-03-18T17:19:21+00:00\",\"description\":\"Contactez l'un de nos agents pour trouver la supercar id\u00e9ale pour vos vacances \u00e0 Ibiza avec vos amis et votre famille.\",\"breadcrumb\":{\"@id\":\"https:\/\/ibiza-yacht.com\/fr\/concierge\/voitures\/#breadcrumb\"},\"inLanguage\":\"fr-FR\",\"potentialAction\":[{\"@type\":\"ReadAction\",\"target\":[\"https:\/\/ibiza-yacht.com\/fr\/concierge\/voitures\/\"]}]},{\"@type\":\"ImageObject\",\"inLanguage\":\"fr-FR\",\"@id\":\"https:\/\/ibiza-yacht.com\/fr\/concierge\/voitures\/#primaryimage\",\"url\":\"https:\/\/ibiza-yacht.com\/wp-content\/uploads\/2022\/08\/Supercar-2-scaled.jpg\",\"contentUrl\":\"https:\/\/ibiza-yacht.com\/wp-content\/uploads\/2022\/08\/Supercar-2-scaled.jpg\",\"width\":2560,\"height\":1706},{\"@type\":\"BreadcrumbList\",\"@id\":\"https:\/\/ibiza-yacht.com\/fr\/concierge\/voitures\/#breadcrumb\",\"itemListElement\":[{\"@type\":\"ListItem\",\"position\":1,\"name\":\"Home\",\"item\":\"https:\/\/ibiza-yacht.com\/fr\/page-daccueil\/\"},{\"@type\":\"ListItem\",\"position\":2,\"name\":\"Concierge\",\"item\":\"https:\/\/ibiza-yacht.com\/fr\/concierge\/\"},{\"@type\":\"ListItem\",\"position\":3,\"name\":\"Voitures\"}]},{\"@type\":\"WebSite\",\"@id\":\"https:\/\/ibiza-yacht.com\/fr\/#website\",\"url\":\"https:\/\/ibiza-yacht.com\/fr\/\",\"name\":\"Ibiza Yachts\",\"description\":\"Ibiza Yachts for rent\",\"publisher\":{\"@id\":\"https:\/\/ibiza-yacht.com\/fr\/#organization\"},\"potentialAction\":[{\"@type\":\"SearchAction\",\"target\":{\"@type\":\"EntryPoint\",\"urlTemplate\":\"https:\/\/ibiza-yacht.com\/fr\/?s={search_term_string}\"},\"query-input\":{\"@type\":\"PropertyValueSpecification\",\"valueRequired\":true,\"valueName\":\"search_term_string\"}}],\"inLanguage\":\"fr-FR\"},{\"@type\":\"Organization\",\"@id\":\"https:\/\/ibiza-yacht.com\/fr\/#organization\",\"name\":\"Ibiza Yachts\",\"url\":\"https:\/\/ibiza-yacht.com\/fr\/\",\"logo\":{\"@type\":\"ImageObject\",\"inLanguage\":\"fr-FR\",\"@id\":\"https:\/\/ibiza-yacht.com\/fr\/#\/schema\/logo\/image\/\",\"url\":\"https:\/\/ibiza-yacht.com\/wp-content\/uploads\/2022\/01\/Cannes-Villa-Logo.jpg\",\"contentUrl\":\"https:\/\/ibiza-yacht.com\/wp-content\/uploads\/2022\/01\/Cannes-Villa-Logo.jpg\",\"width\":1704,\"height\":1704,\"caption\":\"Ibiza Yachts\"},\"image\":{\"@id\":\"https:\/\/ibiza-yacht.com\/fr\/#\/schema\/logo\/image\/\"}}]}<\/script>\n<!-- \/ Yoast SEO plugin. -->","yoast_head_json":{"title":"Location de supercars \u00e0 Ibiza - Ibiza Yachts","description":"Contactez l'un de nos agents pour trouver la supercar id\u00e9ale pour vos vacances \u00e0 Ibiza avec vos amis et votre famille.","robots":{"index":"index","follow":"follow","max-snippet":"max-snippet:-1","max-image-preview":"max-image-preview:large","max-video-preview":"max-video-preview:-1"},"canonical":"https:\/\/ibiza-yacht.com\/fr\/concierge\/voitures\/","og_locale":"fr_FR","og_type":"article","og_title":"Location de supercars \u00e0 Ibiza - Ibiza Yachts","og_description":"Contactez l'un de nos agents pour trouver la supercar id\u00e9ale pour vos vacances \u00e0 Ibiza avec vos amis et votre famille.","og_url":"https:\/\/ibiza-yacht.com\/fr\/concierge\/voitures\/","og_site_name":"Ibiza Yachts","article_modified_time":"2025-03-18T17:19:21+00:00","og_image":[{"width":2560,"height":1706,"url":"https:\/\/ibiza-yacht.com\/wp-content\/uploads\/2022\/08\/Supercar-2-scaled.jpg","type":"image\/jpeg"}],"twitter_card":"summary_large_image","schema":{"@context":"https:\/\/schema.org","@graph":[{"@type":"WebPage","@id":"https:\/\/ibiza-yacht.com\/fr\/concierge\/voitures\/","url":"https:\/\/ibiza-yacht.com\/fr\/concierge\/voitures\/","name":"Location de supercars \u00e0 Ibiza - Ibiza Yachts","isPartOf":{"@id":"https:\/\/ibiza-yacht.com\/fr\/#website"},"primaryImageOfPage":{"@id":"https:\/\/ibiza-yacht.com\/fr\/concierge\/voitures\/#primaryimage"},"image":{"@id":"https:\/\/ibiza-yacht.com\/fr\/concierge\/voitures\/#primaryimage"},"thumbnailUrl":"https:\/\/ibiza-yacht.com\/wp-content\/uploads\/2022\/08\/Supercar-2-scaled.jpg","datePublished":"2022-01-16T18:07:54+00:00","dateModified":"2025-03-18T17:19:21+00:00","description":"Contactez l'un de nos agents pour trouver la supercar id\u00e9ale pour vos vacances \u00e0 Ibiza avec vos amis et votre famille.","breadcrumb":{"@id":"https:\/\/ibiza-yacht.com\/fr\/concierge\/voitures\/#breadcrumb"},"inLanguage":"fr-FR","potentialAction":[{"@type":"ReadAction","target":["https:\/\/ibiza-yacht.com\/fr\/concierge\/voitures\/"]}]},{"@type":"ImageObject","inLanguage":"fr-FR","@id":"https:\/\/ibiza-yacht.com\/fr\/concierge\/voitures\/#primaryimage","url":"https:\/\/ibiza-yacht.com\/wp-content\/uploads\/2022\/08\/Supercar-2-scaled.jpg","contentUrl":"https:\/\/ibiza-yacht.com\/wp-content\/uploads\/2022\/08\/Supercar-2-scaled.jpg","width":2560,"height":1706},{"@type":"BreadcrumbList","@id":"https:\/\/ibiza-yacht.com\/fr\/concierge\/voitures\/#breadcrumb","itemListElement":[{"@type":"ListItem","position":1,"name":"Home","item":"https:\/\/ibiza-yacht.com\/fr\/page-daccueil\/"},{"@type":"ListItem","position":2,"name":"Concierge","item":"https:\/\/ibiza-yacht.com\/fr\/concierge\/"},{"@type":"ListItem","position":3,"name":"Voitures"}]},{"@type":"WebSite","@id":"https:\/\/ibiza-yacht.com\/fr\/#website","url":"https:\/\/ibiza-yacht.com\/fr\/","name":"Ibiza Yachts","description":"Ibiza Yachts for rent","publisher":{"@id":"https:\/\/ibiza-yacht.com\/fr\/#organization"},"potentialAction":[{"@type":"SearchAction","target":{"@type":"EntryPoint","urlTemplate":"https:\/\/ibiza-yacht.com\/fr\/?s={search_term_string}"},"query-input":{"@type":"PropertyValueSpecification","valueRequired":true,"valueName":"search_term_string"}}],"inLanguage":"fr-FR"},{"@type":"Organization","@id":"https:\/\/ibiza-yacht.com\/fr\/#organization","name":"Ibiza Yachts","url":"https:\/\/ibiza-yacht.com\/fr\/","logo":{"@type":"ImageObject","inLanguage":"fr-FR","@id":"https:\/\/ibiza-yacht.com\/fr\/#\/schema\/logo\/image\/","url":"https:\/\/ibiza-yacht.com\/wp-content\/uploads\/2022\/01\/Cannes-Villa-Logo.jpg","contentUrl":"https:\/\/ibiza-yacht.com\/wp-content\/uploads\/2022\/01\/Cannes-Villa-Logo.jpg","width":1704,"height":1704,"caption":"Ibiza Yachts"},"image":{"@id":"https:\/\/ibiza-yacht.com\/fr\/#\/schema\/logo\/image\/"}}]}},"_links":{"self":[{"href":"https:\/\/ibiza-yacht.com\/fr\/wp-json\/wp\/v2\/pages\/11058"}],"collection":[{"href":"https:\/\/ibiza-yacht.com\/fr\/wp-json\/wp\/v2\/pages"}],"about":[{"href":"https:\/\/ibiza-yacht.com\/fr\/wp-json\/wp\/v2\/types\/page"}],"author":[{"embeddable":true,"href":"https:\/\/ibiza-yacht.com\/fr\/wp-json\/wp\/v2\/users\/3"}],"replies":[{"embeddable":true,"href":"https:\/\/ibiza-yacht.com\/fr\/wp-json\/wp\/v2\/comments?post=11058"}],"version-history":[{"count":0,"href":"https:\/\/ibiza-yacht.com\/fr\/wp-json\/wp\/v2\/pages\/11058\/revisions"}],"up":[{"embeddable":true,"href":"https:\/\/ibiza-yacht.com\/fr\/wp-json\/wp\/v2\/pages\/11037"}],"wp:featuredmedia":[{"embeddable":true,"href":"https:\/\/ibiza-yacht.com\/fr\/wp-json\/wp\/v2\/media\/9223"}],"wp:attachment":[{"href":"https:\/\/ibiza-yacht.com\/fr\/wp-json\/wp\/v2\/media?parent=11058"}],"curies":[{"name":"wp","href":"https:\/\/api.w.org\/{rel}","templated":true}]}}