{"id":11162,"date":"2023-04-29T10:28:35","date_gmt":"2023-04-29T10:28:35","guid":{"rendered":"https:\/\/ibiza-yacht.com\/charte-journaliere\/"},"modified":"2025-03-18T17:42:13","modified_gmt":"2025-03-18T17:42:13","slug":"charte-journaliere","status":"publish","type":"page","link":"https:\/\/ibiza-yacht.com\/fr\/charte-journaliere\/","title":{"rendered":"Charte journali\u00e8re"},"content":{"rendered":"\t\t<div data-elementor-type=\"wp-page\" data-elementor-id=\"11162\" class=\"elementor elementor-11162 elementor-3426\">\n\t\t\t\t\t\t<section class=\"elementor-section elementor-top-section elementor-element elementor-element-b7e567a elementor-section-height-min-height elementor-section-items-bottom elementor-section-content-bottom elementor-section-boxed elementor-section-height-default\" data-id=\"b7e567a\" data-element_type=\"section\" data-settings=\"{&quot;background_background&quot;:&quot;classic&quot;}\">\n\t\t\t\t\t\t<div class=\"elementor-container elementor-column-gap-default\">\n\t\t\t\t\t<div class=\"elementor-column elementor-col-100 elementor-top-column elementor-element elementor-element-a2b1923\" data-id=\"a2b1923\" data-element_type=\"column\">\n\t\t\t<div class=\"elementor-widget-wrap elementor-element-populated\">\n\t\t\t\t\t\t<div class=\"elementor-element elementor-element-6a8a18f elementor-widget elementor-widget-heading\" data-id=\"6a8a18f\" data-element_type=\"widget\" data-widget_type=\"heading.default\">\n\t\t\t\t<div class=\"elementor-widget-container\">\n\t\t\t\t\t<h2 class=\"elementor-heading-title elementor-size-default\">Bateaux de jour<\/h2>\t\t\t\t<\/div>\n\t\t\t\t<\/div>\n\t\t\t\t\t<\/div>\n\t\t<\/div>\n\t\t\t\t\t<\/div>\n\t\t<\/section>\n\t\t\t\t<section class=\"elementor-section elementor-top-section elementor-element elementor-element-9da68ef elementor-section-boxed elementor-section-height-default elementor-section-height-default\" data-id=\"9da68ef\" data-element_type=\"section\">\n\t\t\t\t\t\t<div class=\"elementor-container elementor-column-gap-default\">\n\t\t\t\t\t<div class=\"elementor-column elementor-col-100 elementor-top-column elementor-element elementor-element-6726422\" data-id=\"6726422\" data-element_type=\"column\">\n\t\t\t<div class=\"elementor-widget-wrap elementor-element-populated\">\n\t\t\t\t\t\t<div class=\"elementor-element elementor-element-61f4c80 elementor-widget elementor-widget-heading\" data-id=\"61f4c80\" data-element_type=\"widget\" data-widget_type=\"heading.default\">\n\t\t\t\t<div class=\"elementor-widget-container\">\n\t\t\t\t\t<h1 class=\"elementor-heading-title elementor-size-default\">Location de bateau \u00e0 la journ\u00e9e \u00e0 Ibiza<\/h1>\t\t\t\t<\/div>\n\t\t\t\t<\/div>\n\t\t\t\t<div class=\"elementor-element elementor-element-f341bd7 elementor-widget elementor-widget-text-editor\" data-id=\"f341bd7\" data-element_type=\"widget\" data-widget_type=\"text-editor.default\">\n\t\t\t\t<div class=\"elementor-widget-container\">\n\t\t\t\t\t\t\t\t\t<p>Les locations de bateaux \u00e0 Ibiza constituent une porte d&rsquo;entr\u00e9e in\u00e9gal\u00e9e vers l&rsquo;allure enchanteresse de l&rsquo;\u00eele paradisiaque la plus dynamique de la M\u00e9diterran\u00e9e. C\u00e9l\u00e8bre pour sa vie nocturne dynamique, ses clubs de plage exclusifs et ses boutiques exquises, Ibiza est un joyau qui brille par son esprit d\u00e9brid\u00e9 d&rsquo;aventure et de luxe. En optant pour une location de bateau \u00e0 la journ\u00e9e, vous pourrez vous immerger dans la splendeur de l&rsquo;\u00e9l\u00e9gance m\u00e9diterran\u00e9enne, en naviguant dans les eaux bleues cristallines qui entourent cette \u00eele magique. Que vous pr\u00e9f\u00e9riez les lignes \u00e9pur\u00e9es d&rsquo;un bateau \u00e0 moteur moderne ou la gr\u00e2ce intemporelle d&rsquo;un voilier classique, une vaste flotte est \u00e0 votre disposition pour r\u00e9pondre \u00e0 vos besoins et \u00e0 l&rsquo;ampleur de votre f\u00eate.     <\/p>\n<p>En embarquant \u00e0 Ibiza, vous \u00eates pr\u00eat \u00e0 d\u00e9couvrir un monde de panoramas c\u00f4tiers envo\u00fbtants, de plages vierges et de criques cach\u00e9es, offrant un m\u00e9lange unique de d\u00e9tente et d&rsquo;exaltation. L&rsquo;opportunit\u00e9 de vous pr\u00e9lasser sur des ponts baign\u00e9s de soleil, de pratiquer des sports nautiques palpitants ou d&rsquo;explorer les charmants villages et les hauts lieux r\u00e9put\u00e9s des \u00eeles voisines, comme Formentera, enrichit votre voyage. L&rsquo;\u00e9quipage exp\u00e9riment\u00e9 r\u00e9pond \u00e0 vos moindres d\u00e9sirs, en \u00e9laborant des itin\u00e9raires personnalis\u00e9s qui vous garantissent une exp\u00e9rience exclusive et m\u00e9morable. Une location de bateau \u00e0 Ibiza vous promet non seulement l&rsquo;essence du luxe et des loisirs, mais aussi une rencontre intime avec la beaut\u00e9 captivante de l&rsquo;\u00eele et l&rsquo;essence vibrante du style de vie m\u00e9diterran\u00e9en.   <\/p>\n\t\t\t\t\t\t\t\t<\/div>\n\t\t\t\t<\/div>\n\t\t\t\t\t<\/div>\n\t\t<\/div>\n\t\t\t\t\t<\/div>\n\t\t<\/section>\n\t\t\t\t<section class=\"elementor-section elementor-top-section elementor-element elementor-element-70decb7 elementor-section-boxed elementor-section-height-default elementor-section-height-default\" data-id=\"70decb7\" data-element_type=\"section\">\n\t\t\t\t\t\t<div class=\"elementor-container elementor-column-gap-default\">\n\t\t\t\t\t<div class=\"elementor-column elementor-col-100 elementor-top-column elementor-element elementor-element-8a6d6c1\" data-id=\"8a6d6c1\" data-element_type=\"column\">\n\t\t\t<div class=\"elementor-widget-wrap elementor-element-populated\">\n\t\t\t\t\t\t<div class=\"elementor-element elementor-element-f5b93a2 elementor-widget elementor-widget-heading\" data-id=\"f5b93a2\" data-element_type=\"widget\" data-widget_type=\"heading.default\">\n\t\t\t\t<div class=\"elementor-widget-container\">\n\t\t\t\t\t<h3 class=\"elementor-heading-title elementor-size-default\">Bateaux de jour \u00e0 Ibiza<\/h3>\t\t\t\t<\/div>\n\t\t\t\t<\/div>\n\t\t\t\t<div class=\"elementor-element elementor-element-1341b27 elementor-widget elementor-widget-text-editor\" data-id=\"1341b27\" data-element_type=\"widget\" data-widget_type=\"text-editor.default\">\n\t\t\t\t<div class=\"elementor-widget-container\">\n\t\t\t\t\t\t\t\t\t<p>Parcourez notre s\u00e9lection des meilleurs yachts \u00e0 louer \u00e0 Ibiza :<\/p>\n\t\t\t\t\t\t\t\t<\/div>\n\t\t\t\t<\/div>\n\t\t\t\t\t<\/div>\n\t\t<\/div>\n\t\t\t\t\t<\/div>\n\t\t<\/section>\n\t\t\t\t<\/div>\n\t\t","protected":false},"excerpt":{"rendered":"<p>Charte journali\u00e8re Location de bateau \u00e0 la journ\u00e9e \u00e0 Ibiza Les locations de bateaux \u00e0 Ibiza constituent une porte d&rsquo;entr\u00e9e in\u00e9gal\u00e9e vers l&rsquo;allure enchanteresse de l&rsquo;\u00eele paradisiaque la plus dynamique de la M\u00e9diterran\u00e9e. C\u00e9l\u00e8bre pour sa vie nocturne dynamique, ses clubs de plage exclusifs et ses boutiques exquises, Ibiza est un joyau qui brille par&hellip; <a class=\"more-link\" href=\"https:\/\/ibiza-yacht.com\/fr\/charte-journaliere\/\">Poursuivre la lecture <span class=\"screen-reader-text\">Charte journali\u00e8re<\/span><\/a><\/p>\n","protected":false},"author":3,"featured_media":8875,"parent":0,"menu_order":0,"comment_status":"closed","ping_status":"closed","template":"elementor_header_footer","meta":{"_acf_changed":false,"footnotes":""},"acf":[],"yoast_head":"<!-- This site is optimized with the Yoast SEO plugin v23.5 - https:\/\/yoast.com\/wordpress\/plugins\/seo\/ -->\n<title>Day Yacht Charter Yacht- Ibiza Yachts<\/title>\n<meta name=\"description\" content=\"Louez un yacht \u00e0 Ibiza pour la journ\u00e9e ! Consultez nos locations de yachts \u00e0 la journ\u00e9e \u00e0 Ibiza et embarquez pour une croisi\u00e8re de luxe.\" \/>\n<meta name=\"robots\" content=\"index, follow, max-snippet:-1, max-image-preview:large, max-video-preview:-1\" \/>\n<link rel=\"canonical\" href=\"https:\/\/ibiza-yacht.com\/fr\/charte-journaliere\/\" \/>\n<meta property=\"og:locale\" content=\"fr_FR\" \/>\n<meta property=\"og:type\" content=\"article\" \/>\n<meta property=\"og:title\" content=\"Day Yacht Charter Yacht- Ibiza Yachts\" \/>\n<meta property=\"og:description\" content=\"Louez un yacht \u00e0 Ibiza pour la journ\u00e9e ! Consultez nos locations de yachts \u00e0 la journ\u00e9e \u00e0 Ibiza et embarquez pour une croisi\u00e8re de luxe.\" \/>\n<meta property=\"og:url\" content=\"https:\/\/ibiza-yacht.com\/fr\/charte-journaliere\/\" \/>\n<meta property=\"og:site_name\" content=\"Ibiza Yachts\" \/>\n<meta property=\"article:modified_time\" content=\"2025-03-18T17:42:13+00:00\" \/>\n<meta property=\"og:image\" content=\"https:\/\/ibiza-yacht.com\/wp-content\/uploads\/2022\/07\/Sunseeker-65-Sport-Yacht-for-Charter-15.jpeg\" \/>\n\t<meta property=\"og:image:width\" content=\"2159\" \/>\n\t<meta property=\"og:image:height\" content=\"1440\" \/>\n\t<meta property=\"og:image:type\" content=\"image\/jpeg\" \/>\n<meta name=\"twitter:card\" content=\"summary_large_image\" \/>\n<meta name=\"twitter:label1\" content=\"Dur\u00e9e de lecture estim\u00e9e\" \/>\n\t<meta name=\"twitter:data1\" content=\"1 minute\" \/>\n<script type=\"application\/ld+json\" class=\"yoast-schema-graph\">{\"@context\":\"https:\/\/schema.org\",\"@graph\":[{\"@type\":\"WebPage\",\"@id\":\"https:\/\/ibiza-yacht.com\/fr\/charte-journaliere\/\",\"url\":\"https:\/\/ibiza-yacht.com\/fr\/charte-journaliere\/\",\"name\":\"Day Yacht Charter Yacht- Ibiza Yachts\",\"isPartOf\":{\"@id\":\"https:\/\/ibiza-yacht.com\/fr\/#website\"},\"primaryImageOfPage\":{\"@id\":\"https:\/\/ibiza-yacht.com\/fr\/charte-journaliere\/#primaryimage\"},\"image\":{\"@id\":\"https:\/\/ibiza-yacht.com\/fr\/charte-journaliere\/#primaryimage\"},\"thumbnailUrl\":\"https:\/\/ibiza-yacht.com\/wp-content\/uploads\/2022\/07\/Sunseeker-65-Sport-Yacht-for-Charter-15.jpeg\",\"datePublished\":\"2023-04-29T10:28:35+00:00\",\"dateModified\":\"2025-03-18T17:42:13+00:00\",\"description\":\"Louez un yacht \u00e0 Ibiza pour la journ\u00e9e ! Consultez nos locations de yachts \u00e0 la journ\u00e9e \u00e0 Ibiza et embarquez pour une croisi\u00e8re de luxe.\",\"breadcrumb\":{\"@id\":\"https:\/\/ibiza-yacht.com\/fr\/charte-journaliere\/#breadcrumb\"},\"inLanguage\":\"fr-FR\",\"potentialAction\":[{\"@type\":\"ReadAction\",\"target\":[\"https:\/\/ibiza-yacht.com\/fr\/charte-journaliere\/\"]}]},{\"@type\":\"ImageObject\",\"inLanguage\":\"fr-FR\",\"@id\":\"https:\/\/ibiza-yacht.com\/fr\/charte-journaliere\/#primaryimage\",\"url\":\"https:\/\/ibiza-yacht.com\/wp-content\/uploads\/2022\/07\/Sunseeker-65-Sport-Yacht-for-Charter-15.jpeg\",\"contentUrl\":\"https:\/\/ibiza-yacht.com\/wp-content\/uploads\/2022\/07\/Sunseeker-65-Sport-Yacht-for-Charter-15.jpeg\",\"width\":2159,\"height\":1440},{\"@type\":\"BreadcrumbList\",\"@id\":\"https:\/\/ibiza-yacht.com\/fr\/charte-journaliere\/#breadcrumb\",\"itemListElement\":[{\"@type\":\"ListItem\",\"position\":1,\"name\":\"Home\",\"item\":\"https:\/\/ibiza-yacht.com\/fr\/page-daccueil\/\"},{\"@type\":\"ListItem\",\"position\":2,\"name\":\"Charte journali\u00e8re\"}]},{\"@type\":\"WebSite\",\"@id\":\"https:\/\/ibiza-yacht.com\/fr\/#website\",\"url\":\"https:\/\/ibiza-yacht.com\/fr\/\",\"name\":\"Ibiza Yachts\",\"description\":\"Ibiza Yachts for rent\",\"publisher\":{\"@id\":\"https:\/\/ibiza-yacht.com\/fr\/#organization\"},\"potentialAction\":[{\"@type\":\"SearchAction\",\"target\":{\"@type\":\"EntryPoint\",\"urlTemplate\":\"https:\/\/ibiza-yacht.com\/fr\/?s={search_term_string}\"},\"query-input\":{\"@type\":\"PropertyValueSpecification\",\"valueRequired\":true,\"valueName\":\"search_term_string\"}}],\"inLanguage\":\"fr-FR\"},{\"@type\":\"Organization\",\"@id\":\"https:\/\/ibiza-yacht.com\/fr\/#organization\",\"name\":\"Ibiza Yachts\",\"url\":\"https:\/\/ibiza-yacht.com\/fr\/\",\"logo\":{\"@type\":\"ImageObject\",\"inLanguage\":\"fr-FR\",\"@id\":\"https:\/\/ibiza-yacht.com\/fr\/#\/schema\/logo\/image\/\",\"url\":\"https:\/\/ibiza-yacht.com\/wp-content\/uploads\/2022\/01\/Cannes-Villa-Logo.jpg\",\"contentUrl\":\"https:\/\/ibiza-yacht.com\/wp-content\/uploads\/2022\/01\/Cannes-Villa-Logo.jpg\",\"width\":1704,\"height\":1704,\"caption\":\"Ibiza Yachts\"},\"image\":{\"@id\":\"https:\/\/ibiza-yacht.com\/fr\/#\/schema\/logo\/image\/\"}}]}<\/script>\n<!-- \/ Yoast SEO plugin. -->","yoast_head_json":{"title":"Day Yacht Charter Yacht- Ibiza Yachts","description":"Louez un yacht \u00e0 Ibiza pour la journ\u00e9e ! Consultez nos locations de yachts \u00e0 la journ\u00e9e \u00e0 Ibiza et embarquez pour une croisi\u00e8re de luxe.","robots":{"index":"index","follow":"follow","max-snippet":"max-snippet:-1","max-image-preview":"max-image-preview:large","max-video-preview":"max-video-preview:-1"},"canonical":"https:\/\/ibiza-yacht.com\/fr\/charte-journaliere\/","og_locale":"fr_FR","og_type":"article","og_title":"Day Yacht Charter Yacht- Ibiza Yachts","og_description":"Louez un yacht \u00e0 Ibiza pour la journ\u00e9e ! Consultez nos locations de yachts \u00e0 la journ\u00e9e \u00e0 Ibiza et embarquez pour une croisi\u00e8re de luxe.","og_url":"https:\/\/ibiza-yacht.com\/fr\/charte-journaliere\/","og_site_name":"Ibiza Yachts","article_modified_time":"2025-03-18T17:42:13+00:00","og_image":[{"width":2159,"height":1440,"url":"https:\/\/ibiza-yacht.com\/wp-content\/uploads\/2022\/07\/Sunseeker-65-Sport-Yacht-for-Charter-15.jpeg","type":"image\/jpeg"}],"twitter_card":"summary_large_image","twitter_misc":{"Dur\u00e9e de lecture estim\u00e9e":"1 minute"},"schema":{"@context":"https:\/\/schema.org","@graph":[{"@type":"WebPage","@id":"https:\/\/ibiza-yacht.com\/fr\/charte-journaliere\/","url":"https:\/\/ibiza-yacht.com\/fr\/charte-journaliere\/","name":"Day Yacht Charter Yacht- Ibiza Yachts","isPartOf":{"@id":"https:\/\/ibiza-yacht.com\/fr\/#website"},"primaryImageOfPage":{"@id":"https:\/\/ibiza-yacht.com\/fr\/charte-journaliere\/#primaryimage"},"image":{"@id":"https:\/\/ibiza-yacht.com\/fr\/charte-journaliere\/#primaryimage"},"thumbnailUrl":"https:\/\/ibiza-yacht.com\/wp-content\/uploads\/2022\/07\/Sunseeker-65-Sport-Yacht-for-Charter-15.jpeg","datePublished":"2023-04-29T10:28:35+00:00","dateModified":"2025-03-18T17:42:13+00:00","description":"Louez un yacht \u00e0 Ibiza pour la journ\u00e9e ! Consultez nos locations de yachts \u00e0 la journ\u00e9e \u00e0 Ibiza et embarquez pour une croisi\u00e8re de luxe.","breadcrumb":{"@id":"https:\/\/ibiza-yacht.com\/fr\/charte-journaliere\/#breadcrumb"},"inLanguage":"fr-FR","potentialAction":[{"@type":"ReadAction","target":["https:\/\/ibiza-yacht.com\/fr\/charte-journaliere\/"]}]},{"@type":"ImageObject","inLanguage":"fr-FR","@id":"https:\/\/ibiza-yacht.com\/fr\/charte-journaliere\/#primaryimage","url":"https:\/\/ibiza-yacht.com\/wp-content\/uploads\/2022\/07\/Sunseeker-65-Sport-Yacht-for-Charter-15.jpeg","contentUrl":"https:\/\/ibiza-yacht.com\/wp-content\/uploads\/2022\/07\/Sunseeker-65-Sport-Yacht-for-Charter-15.jpeg","width":2159,"height":1440},{"@type":"BreadcrumbList","@id":"https:\/\/ibiza-yacht.com\/fr\/charte-journaliere\/#breadcrumb","itemListElement":[{"@type":"ListItem","position":1,"name":"Home","item":"https:\/\/ibiza-yacht.com\/fr\/page-daccueil\/"},{"@type":"ListItem","position":2,"name":"Charte journali\u00e8re"}]},{"@type":"WebSite","@id":"https:\/\/ibiza-yacht.com\/fr\/#website","url":"https:\/\/ibiza-yacht.com\/fr\/","name":"Ibiza Yachts","description":"Ibiza Yachts for rent","publisher":{"@id":"https:\/\/ibiza-yacht.com\/fr\/#organization"},"potentialAction":[{"@type":"SearchAction","target":{"@type":"EntryPoint","urlTemplate":"https:\/\/ibiza-yacht.com\/fr\/?s={search_term_string}"},"query-input":{"@type":"PropertyValueSpecification","valueRequired":true,"valueName":"search_term_string"}}],"inLanguage":"fr-FR"},{"@type":"Organization","@id":"https:\/\/ibiza-yacht.com\/fr\/#organization","name":"Ibiza Yachts","url":"https:\/\/ibiza-yacht.com\/fr\/","logo":{"@type":"ImageObject","inLanguage":"fr-FR","@id":"https:\/\/ibiza-yacht.com\/fr\/#\/schema\/logo\/image\/","url":"https:\/\/ibiza-yacht.com\/wp-content\/uploads\/2022\/01\/Cannes-Villa-Logo.jpg","contentUrl":"https:\/\/ibiza-yacht.com\/wp-content\/uploads\/2022\/01\/Cannes-Villa-Logo.jpg","width":1704,"height":1704,"caption":"Ibiza Yachts"},"image":{"@id":"https:\/\/ibiza-yacht.com\/fr\/#\/schema\/logo\/image\/"}}]}},"_links":{"self":[{"href":"https:\/\/ibiza-yacht.com\/fr\/wp-json\/wp\/v2\/pages\/11162"}],"collection":[{"href":"https:\/\/ibiza-yacht.com\/fr\/wp-json\/wp\/v2\/pages"}],"about":[{"href":"https:\/\/ibiza-yacht.com\/fr\/wp-json\/wp\/v2\/types\/page"}],"author":[{"embeddable":true,"href":"https:\/\/ibiza-yacht.com\/fr\/wp-json\/wp\/v2\/users\/3"}],"replies":[{"embeddable":true,"href":"https:\/\/ibiza-yacht.com\/fr\/wp-json\/wp\/v2\/comments?post=11162"}],"version-history":[{"count":0,"href":"https:\/\/ibiza-yacht.com\/fr\/wp-json\/wp\/v2\/pages\/11162\/revisions"}],"wp:featuredmedia":[{"embeddable":true,"href":"https:\/\/ibiza-yacht.com\/fr\/wp-json\/wp\/v2\/media\/8875"}],"wp:attachment":[{"href":"https:\/\/ibiza-yacht.com\/fr\/wp-json\/wp\/v2\/media?parent=11162"}],"curies":[{"name":"wp","href":"https:\/\/api.w.org\/{rel}","templated":true}]}}