{"id":11219,"date":"2023-11-11T10:19:29","date_gmt":"2023-11-11T10:19:29","guid":{"rendered":"https:\/\/ibiza-yacht.com\/flybridge\/"},"modified":"2025-01-20T09:55:06","modified_gmt":"2025-01-20T09:55:06","slug":"flybridge","status":"publish","type":"page","link":"https:\/\/ibiza-yacht.com\/fr\/flybridge\/","title":{"rendered":"Flybridge"},"content":{"rendered":"\t\t<div data-elementor-type=\"wp-page\" data-elementor-id=\"11219\" class=\"elementor elementor-11219 elementor-3805\">\n\t\t\t\t\t\t<section class=\"elementor-section elementor-top-section elementor-element elementor-element-b7e567a elementor-section-height-min-height elementor-section-items-bottom elementor-section-content-bottom elementor-section-boxed elementor-section-height-default\" data-id=\"b7e567a\" data-element_type=\"section\" data-settings=\"{&quot;background_background&quot;:&quot;classic&quot;}\">\n\t\t\t\t\t\t<div class=\"elementor-container elementor-column-gap-default\">\n\t\t\t\t\t<div class=\"elementor-column elementor-col-100 elementor-top-column elementor-element elementor-element-a2b1923\" data-id=\"a2b1923\" data-element_type=\"column\">\n\t\t\t<div class=\"elementor-widget-wrap elementor-element-populated\">\n\t\t\t\t\t\t<div class=\"elementor-element elementor-element-6a8a18f elementor-widget elementor-widget-heading\" data-id=\"6a8a18f\" data-element_type=\"widget\" data-widget_type=\"heading.default\">\n\t\t\t\t<div class=\"elementor-widget-container\">\n\t\t\t\t\t<h2 class=\"elementor-heading-title elementor-size-default\">Flybridge<\/h2>\t\t\t\t<\/div>\n\t\t\t\t<\/div>\n\t\t\t\t\t<\/div>\n\t\t<\/div>\n\t\t\t\t\t<\/div>\n\t\t<\/section>\n\t\t\t\t<section class=\"elementor-section elementor-top-section elementor-element elementor-element-9da68ef elementor-section-boxed elementor-section-height-default elementor-section-height-default\" data-id=\"9da68ef\" data-element_type=\"section\">\n\t\t\t\t\t\t<div class=\"elementor-container elementor-column-gap-default\">\n\t\t\t\t\t<div class=\"elementor-column elementor-col-100 elementor-top-column elementor-element elementor-element-6726422\" data-id=\"6726422\" data-element_type=\"column\">\n\t\t\t<div class=\"elementor-widget-wrap elementor-element-populated\">\n\t\t\t\t\t\t<div class=\"elementor-element elementor-element-61f4c80 elementor-widget elementor-widget-heading\" data-id=\"61f4c80\" data-element_type=\"widget\" data-widget_type=\"heading.default\">\n\t\t\t\t<div class=\"elementor-widget-container\">\n\t\t\t\t\t<h1 class=\"elementor-heading-title elementor-size-default\">Location de Flybridge \u00e0 Ibiza<\/h1>\t\t\t\t<\/div>\n\t\t\t\t<\/div>\n\t\t\t\t<div class=\"elementor-element elementor-element-f341bd7 elementor-widget elementor-widget-text-editor\" data-id=\"f341bd7\" data-element_type=\"widget\" data-widget_type=\"text-editor.default\">\n\t\t\t\t<div class=\"elementor-widget-container\">\n\t\t\t\t\t\t\t\t\t<p>Embarquez pour un voyage exaltant et opulent le long de la M\u00e9diterran\u00e9e gr\u00e2ce \u00e0 nos locations exclusives de yachts \u00e0 flybridge \u00e0 Ibiza. Ces yachts, tri\u00e9s sur le volet pour leur design sup\u00e9rieur et leur luxe, offrent une exp\u00e9rience extraordinaire de la mer. Le point fort de ces navires est le flybridge &#8211; un pont sur\u00e9lev\u00e9 qui offre des vues panoramiques, faisant de chaque voyage une exp\u00e9rience visuellement \u00e9tonnante.  <span style=\"color: var(--global--color-primary);\">Chaque yacht \u00e0 flybridge de notre flotte est un t\u00e9moignage de l&rsquo;excellence nautique, avec ses vastes ponts, ses int\u00e9rieurs luxueux et ses technologies de pointe. Le flybridge, symbole d&rsquo;exclusivit\u00e9, offre un espace unique pour les repas en plein air, les bains de soleil ou l&rsquo;organisation de r\u00e9unions \u00e9l\u00e9gantes sous le ciel ouvert, m\u00ealant l&rsquo;aventure au confort d&rsquo;une oasis flottante.<\/span><\/p>\n\t\t\t\t\t\t\t\t<\/div>\n\t\t\t\t<\/div>\n\t\t\t\t\t<\/div>\n\t\t<\/div>\n\t\t\t\t\t<\/div>\n\t\t<\/section>\n\t\t\t\t<section class=\"elementor-section elementor-top-section elementor-element elementor-element-70decb7 elementor-section-boxed elementor-section-height-default elementor-section-height-default\" data-id=\"70decb7\" data-element_type=\"section\">\n\t\t\t\t\t\t<div class=\"elementor-container elementor-column-gap-default\">\n\t\t\t\t\t<div class=\"elementor-column elementor-col-100 elementor-top-column elementor-element elementor-element-8a6d6c1\" data-id=\"8a6d6c1\" data-element_type=\"column\">\n\t\t\t<div class=\"elementor-widget-wrap elementor-element-populated\">\n\t\t\t\t\t\t<div class=\"elementor-element elementor-element-f5b93a2 elementor-widget elementor-widget-heading\" data-id=\"f5b93a2\" data-element_type=\"widget\" data-widget_type=\"heading.default\">\n\t\t\t\t<div class=\"elementor-widget-container\">\n\t\t\t\t\t<h3 class=\"elementor-heading-title elementor-size-default\">Flybridge \u00e0 louer \u00e0 Ibiza<\/h3>\t\t\t\t<\/div>\n\t\t\t\t<\/div>\n\t\t\t\t<div class=\"elementor-element elementor-element-1341b27 elementor-widget elementor-widget-text-editor\" data-id=\"1341b27\" data-element_type=\"widget\" data-widget_type=\"text-editor.default\">\n\t\t\t\t<div class=\"elementor-widget-container\">\n\t\t\t\t\t\t\t\t\t<p>Parcourez notre s\u00e9lection des meilleurs flybridge \u00e0 louer \u00e0 Ibiza :<\/p>\n\t\t\t\t\t\t\t\t<\/div>\n\t\t\t\t<\/div>\n\t\t\t\t\t<\/div>\n\t\t<\/div>\n\t\t\t\t\t<\/div>\n\t\t<\/section>\n\t\t\t\t<\/div>\n\t\t","protected":false},"excerpt":{"rendered":"<p>Flybridge Location de Flybridge \u00e0 Ibiza Embarquez pour un voyage exaltant et opulent le long de la M\u00e9diterran\u00e9e gr\u00e2ce \u00e0 nos locations exclusives de yachts \u00e0 flybridge \u00e0 Ibiza. Ces yachts, tri\u00e9s sur le volet pour leur design sup\u00e9rieur et leur luxe, offrent une exp\u00e9rience extraordinaire de la mer. Le point fort de ces navires&hellip; <a class=\"more-link\" href=\"https:\/\/ibiza-yacht.com\/fr\/flybridge\/\">Poursuivre la lecture <span class=\"screen-reader-text\">Flybridge<\/span><\/a><\/p>\n","protected":false},"author":3,"featured_media":9268,"parent":0,"menu_order":0,"comment_status":"closed","ping_status":"closed","template":"elementor_header_footer","meta":{"_acf_changed":false,"footnotes":""},"acf":[],"yoast_head":"<!-- This site is optimized with the Yoast SEO plugin v23.5 - https:\/\/yoast.com\/wordpress\/plugins\/seo\/ -->\n<title>Location de yacht Flybridge Ibiza - Ibiza Yachts<\/title>\n<meta name=\"description\" content=\"Location de flybridge \u00e0 Ibiza pour la journ\u00e9e ! Parcourez nos flybridge \u00e0 louer \u00e0 Ibiza et embarquez pour une croisi\u00e8re de luxe.\" \/>\n<meta name=\"robots\" content=\"index, follow, max-snippet:-1, max-image-preview:large, max-video-preview:-1\" \/>\n<link rel=\"canonical\" href=\"https:\/\/ibiza-yacht.com\/fr\/flybridge\/\" \/>\n<meta property=\"og:locale\" content=\"fr_FR\" \/>\n<meta property=\"og:type\" content=\"article\" \/>\n<meta property=\"og:title\" content=\"Location de yacht Flybridge Ibiza - Ibiza Yachts\" \/>\n<meta property=\"og:description\" content=\"Location de flybridge \u00e0 Ibiza pour la journ\u00e9e ! Parcourez nos flybridge \u00e0 louer \u00e0 Ibiza et embarquez pour une croisi\u00e8re de luxe.\" \/>\n<meta property=\"og:url\" content=\"https:\/\/ibiza-yacht.com\/fr\/flybridge\/\" \/>\n<meta property=\"og:site_name\" content=\"Ibiza Yachts\" \/>\n<meta property=\"article:modified_time\" content=\"2025-01-20T09:55:06+00:00\" \/>\n<meta property=\"og:image\" content=\"https:\/\/ibiza-yacht.com\/wp-content\/uploads\/2022\/02\/Riva-Ribelle-for-charter-3.jpeg\" \/>\n\t<meta property=\"og:image:width\" content=\"1920\" \/>\n\t<meta property=\"og:image:height\" content=\"1279\" \/>\n\t<meta property=\"og:image:type\" content=\"image\/jpeg\" \/>\n<meta name=\"twitter:card\" content=\"summary_large_image\" \/>\n<meta name=\"twitter:label1\" content=\"Dur\u00e9e de lecture estim\u00e9e\" \/>\n\t<meta name=\"twitter:data1\" content=\"1 minute\" \/>\n<script type=\"application\/ld+json\" class=\"yoast-schema-graph\">{\"@context\":\"https:\/\/schema.org\",\"@graph\":[{\"@type\":\"WebPage\",\"@id\":\"https:\/\/ibiza-yacht.com\/fr\/flybridge\/\",\"url\":\"https:\/\/ibiza-yacht.com\/fr\/flybridge\/\",\"name\":\"Location de yacht Flybridge Ibiza - Ibiza Yachts\",\"isPartOf\":{\"@id\":\"https:\/\/ibiza-yacht.com\/fr\/#website\"},\"primaryImageOfPage\":{\"@id\":\"https:\/\/ibiza-yacht.com\/fr\/flybridge\/#primaryimage\"},\"image\":{\"@id\":\"https:\/\/ibiza-yacht.com\/fr\/flybridge\/#primaryimage\"},\"thumbnailUrl\":\"https:\/\/ibiza-yacht.com\/wp-content\/uploads\/2022\/02\/Riva-Ribelle-for-charter-3.jpeg\",\"datePublished\":\"2023-11-11T10:19:29+00:00\",\"dateModified\":\"2025-01-20T09:55:06+00:00\",\"description\":\"Location de flybridge \u00e0 Ibiza pour la journ\u00e9e ! Parcourez nos flybridge \u00e0 louer \u00e0 Ibiza et embarquez pour une croisi\u00e8re de luxe.\",\"breadcrumb\":{\"@id\":\"https:\/\/ibiza-yacht.com\/fr\/flybridge\/#breadcrumb\"},\"inLanguage\":\"fr-FR\",\"potentialAction\":[{\"@type\":\"ReadAction\",\"target\":[\"https:\/\/ibiza-yacht.com\/fr\/flybridge\/\"]}]},{\"@type\":\"ImageObject\",\"inLanguage\":\"fr-FR\",\"@id\":\"https:\/\/ibiza-yacht.com\/fr\/flybridge\/#primaryimage\",\"url\":\"https:\/\/ibiza-yacht.com\/wp-content\/uploads\/2022\/02\/Riva-Ribelle-for-charter-3.jpeg\",\"contentUrl\":\"https:\/\/ibiza-yacht.com\/wp-content\/uploads\/2022\/02\/Riva-Ribelle-for-charter-3.jpeg\",\"width\":1920,\"height\":1279},{\"@type\":\"BreadcrumbList\",\"@id\":\"https:\/\/ibiza-yacht.com\/fr\/flybridge\/#breadcrumb\",\"itemListElement\":[{\"@type\":\"ListItem\",\"position\":1,\"name\":\"Home\",\"item\":\"https:\/\/ibiza-yacht.com\/fr\/page-daccueil\/\"},{\"@type\":\"ListItem\",\"position\":2,\"name\":\"Flybridge\"}]},{\"@type\":\"WebSite\",\"@id\":\"https:\/\/ibiza-yacht.com\/fr\/#website\",\"url\":\"https:\/\/ibiza-yacht.com\/fr\/\",\"name\":\"Ibiza Yachts\",\"description\":\"Ibiza Yachts for rent\",\"publisher\":{\"@id\":\"https:\/\/ibiza-yacht.com\/fr\/#organization\"},\"potentialAction\":[{\"@type\":\"SearchAction\",\"target\":{\"@type\":\"EntryPoint\",\"urlTemplate\":\"https:\/\/ibiza-yacht.com\/fr\/?s={search_term_string}\"},\"query-input\":{\"@type\":\"PropertyValueSpecification\",\"valueRequired\":true,\"valueName\":\"search_term_string\"}}],\"inLanguage\":\"fr-FR\"},{\"@type\":\"Organization\",\"@id\":\"https:\/\/ibiza-yacht.com\/fr\/#organization\",\"name\":\"Ibiza Yachts\",\"url\":\"https:\/\/ibiza-yacht.com\/fr\/\",\"logo\":{\"@type\":\"ImageObject\",\"inLanguage\":\"fr-FR\",\"@id\":\"https:\/\/ibiza-yacht.com\/fr\/#\/schema\/logo\/image\/\",\"url\":\"https:\/\/ibiza-yacht.com\/wp-content\/uploads\/2022\/01\/Cannes-Villa-Logo.jpg\",\"contentUrl\":\"https:\/\/ibiza-yacht.com\/wp-content\/uploads\/2022\/01\/Cannes-Villa-Logo.jpg\",\"width\":1704,\"height\":1704,\"caption\":\"Ibiza Yachts\"},\"image\":{\"@id\":\"https:\/\/ibiza-yacht.com\/fr\/#\/schema\/logo\/image\/\"}}]}<\/script>\n<!-- \/ Yoast SEO plugin. -->","yoast_head_json":{"title":"Location de yacht Flybridge Ibiza - Ibiza Yachts","description":"Location de flybridge \u00e0 Ibiza pour la journ\u00e9e ! Parcourez nos flybridge \u00e0 louer \u00e0 Ibiza et embarquez pour une croisi\u00e8re de luxe.","robots":{"index":"index","follow":"follow","max-snippet":"max-snippet:-1","max-image-preview":"max-image-preview:large","max-video-preview":"max-video-preview:-1"},"canonical":"https:\/\/ibiza-yacht.com\/fr\/flybridge\/","og_locale":"fr_FR","og_type":"article","og_title":"Location de yacht Flybridge Ibiza - Ibiza Yachts","og_description":"Location de flybridge \u00e0 Ibiza pour la journ\u00e9e ! Parcourez nos flybridge \u00e0 louer \u00e0 Ibiza et embarquez pour une croisi\u00e8re de luxe.","og_url":"https:\/\/ibiza-yacht.com\/fr\/flybridge\/","og_site_name":"Ibiza Yachts","article_modified_time":"2025-01-20T09:55:06+00:00","og_image":[{"width":1920,"height":1279,"url":"https:\/\/ibiza-yacht.com\/wp-content\/uploads\/2022\/02\/Riva-Ribelle-for-charter-3.jpeg","type":"image\/jpeg"}],"twitter_card":"summary_large_image","twitter_misc":{"Dur\u00e9e de lecture estim\u00e9e":"1 minute"},"schema":{"@context":"https:\/\/schema.org","@graph":[{"@type":"WebPage","@id":"https:\/\/ibiza-yacht.com\/fr\/flybridge\/","url":"https:\/\/ibiza-yacht.com\/fr\/flybridge\/","name":"Location de yacht Flybridge Ibiza - Ibiza Yachts","isPartOf":{"@id":"https:\/\/ibiza-yacht.com\/fr\/#website"},"primaryImageOfPage":{"@id":"https:\/\/ibiza-yacht.com\/fr\/flybridge\/#primaryimage"},"image":{"@id":"https:\/\/ibiza-yacht.com\/fr\/flybridge\/#primaryimage"},"thumbnailUrl":"https:\/\/ibiza-yacht.com\/wp-content\/uploads\/2022\/02\/Riva-Ribelle-for-charter-3.jpeg","datePublished":"2023-11-11T10:19:29+00:00","dateModified":"2025-01-20T09:55:06+00:00","description":"Location de flybridge \u00e0 Ibiza pour la journ\u00e9e ! Parcourez nos flybridge \u00e0 louer \u00e0 Ibiza et embarquez pour une croisi\u00e8re de luxe.","breadcrumb":{"@id":"https:\/\/ibiza-yacht.com\/fr\/flybridge\/#breadcrumb"},"inLanguage":"fr-FR","potentialAction":[{"@type":"ReadAction","target":["https:\/\/ibiza-yacht.com\/fr\/flybridge\/"]}]},{"@type":"ImageObject","inLanguage":"fr-FR","@id":"https:\/\/ibiza-yacht.com\/fr\/flybridge\/#primaryimage","url":"https:\/\/ibiza-yacht.com\/wp-content\/uploads\/2022\/02\/Riva-Ribelle-for-charter-3.jpeg","contentUrl":"https:\/\/ibiza-yacht.com\/wp-content\/uploads\/2022\/02\/Riva-Ribelle-for-charter-3.jpeg","width":1920,"height":1279},{"@type":"BreadcrumbList","@id":"https:\/\/ibiza-yacht.com\/fr\/flybridge\/#breadcrumb","itemListElement":[{"@type":"ListItem","position":1,"name":"Home","item":"https:\/\/ibiza-yacht.com\/fr\/page-daccueil\/"},{"@type":"ListItem","position":2,"name":"Flybridge"}]},{"@type":"WebSite","@id":"https:\/\/ibiza-yacht.com\/fr\/#website","url":"https:\/\/ibiza-yacht.com\/fr\/","name":"Ibiza Yachts","description":"Ibiza Yachts for rent","publisher":{"@id":"https:\/\/ibiza-yacht.com\/fr\/#organization"},"potentialAction":[{"@type":"SearchAction","target":{"@type":"EntryPoint","urlTemplate":"https:\/\/ibiza-yacht.com\/fr\/?s={search_term_string}"},"query-input":{"@type":"PropertyValueSpecification","valueRequired":true,"valueName":"search_term_string"}}],"inLanguage":"fr-FR"},{"@type":"Organization","@id":"https:\/\/ibiza-yacht.com\/fr\/#organization","name":"Ibiza Yachts","url":"https:\/\/ibiza-yacht.com\/fr\/","logo":{"@type":"ImageObject","inLanguage":"fr-FR","@id":"https:\/\/ibiza-yacht.com\/fr\/#\/schema\/logo\/image\/","url":"https:\/\/ibiza-yacht.com\/wp-content\/uploads\/2022\/01\/Cannes-Villa-Logo.jpg","contentUrl":"https:\/\/ibiza-yacht.com\/wp-content\/uploads\/2022\/01\/Cannes-Villa-Logo.jpg","width":1704,"height":1704,"caption":"Ibiza Yachts"},"image":{"@id":"https:\/\/ibiza-yacht.com\/fr\/#\/schema\/logo\/image\/"}}]}},"_links":{"self":[{"href":"https:\/\/ibiza-yacht.com\/fr\/wp-json\/wp\/v2\/pages\/11219"}],"collection":[{"href":"https:\/\/ibiza-yacht.com\/fr\/wp-json\/wp\/v2\/pages"}],"about":[{"href":"https:\/\/ibiza-yacht.com\/fr\/wp-json\/wp\/v2\/types\/page"}],"author":[{"embeddable":true,"href":"https:\/\/ibiza-yacht.com\/fr\/wp-json\/wp\/v2\/users\/3"}],"replies":[{"embeddable":true,"href":"https:\/\/ibiza-yacht.com\/fr\/wp-json\/wp\/v2\/comments?post=11219"}],"version-history":[{"count":0,"href":"https:\/\/ibiza-yacht.com\/fr\/wp-json\/wp\/v2\/pages\/11219\/revisions"}],"wp:featuredmedia":[{"embeddable":true,"href":"https:\/\/ibiza-yacht.com\/fr\/wp-json\/wp\/v2\/media\/9268"}],"wp:attachment":[{"href":"https:\/\/ibiza-yacht.com\/fr\/wp-json\/wp\/v2\/media?parent=11219"}],"curies":[{"name":"wp","href":"https:\/\/api.w.org\/{rel}","templated":true}]}}